{"id":47,"date":"2020-07-09T16:26:14","date_gmt":"2020-07-09T16:26:14","guid":{"rendered":"http:\/\/monkevicius.lt\/?page_id=47"},"modified":"2024-12-16T18:42:24","modified_gmt":"2024-12-16T15:42:24","slug":"kontaktai","status":"publish","type":"page","link":"https:\/\/monkevicius.lt\/en\/kontaktai\/","title":{"rendered":"Kontaktai"},"content":{"rendered":"\t\t<div data-elementor-type=\"wp-page\" data-elementor-id=\"47\" class=\"elementor elementor-47\" data-elementor-post-type=\"page\">\n\t\t\t\t\t\t<section class=\"elementor-section elementor-top-section elementor-element elementor-element-135354a elementor-section-boxed elementor-section-height-default elementor-section-height-default\" data-id=\"135354a\" data-element_type=\"section\">\n\t\t\t\t\t\t<div class=\"elementor-container elementor-column-gap-default\">\n\t\t\t\t\t<div class=\"elementor-column elementor-col-50 elementor-top-column elementor-element elementor-element-9e761e9\" data-id=\"9e761e9\" data-element_type=\"column\">\n\t\t\t<div class=\"elementor-widget-wrap elementor-element-populated\">\n\t\t\t\t\t\t<div class=\"elementor-element elementor-element-1177233 elementor-widget elementor-widget-text-editor\" data-id=\"1177233\" data-element_type=\"widget\" data-widget_type=\"text-editor.default\">\n\t\t\t\t\t\t\t\t\t<h1>Kontaktai<\/h1>\t\t\t\t\t\t\t\t<\/div>\n\t\t\t\t\t<\/div>\n\t\t<\/div>\n\t\t\t\t<div class=\"elementor-column elementor-col-50 elementor-top-column elementor-element elementor-element-5c4a306\" data-id=\"5c4a306\" data-element_type=\"column\">\n\t\t\t<div class=\"elementor-widget-wrap\">\n\t\t\t\t\t\t\t<\/div>\n\t\t<\/div>\n\t\t\t\t\t<\/div>\n\t\t<\/section>\n\t\t\t\t<section class=\"elementor-section elementor-top-section elementor-element elementor-element-495332a elementor-section-boxed elementor-section-height-default elementor-section-height-default\" data-id=\"495332a\" data-element_type=\"section\">\n\t\t\t\t\t\t<div class=\"elementor-container elementor-column-gap-default\">\n\t\t\t\t\t<div class=\"elementor-column elementor-col-100 elementor-top-column elementor-element elementor-element-bf36c78\" data-id=\"bf36c78\" data-element_type=\"column\">\n\t\t\t<div class=\"elementor-widget-wrap elementor-element-populated\">\n\t\t\t\t\t\t<div class=\"elementor-element elementor-element-3ceeef0e elementor-widget elementor-widget-heading\" data-id=\"3ceeef0e\" data-element_type=\"widget\" data-widget_type=\"heading.default\">\n\t\t\t\t\t<div class=\"elementor-heading-title elementor-size-default\">Susisiekime pokalbiui apie sprendimus jums, j\u016bs\u0173 komandai ar organizacijai<\/div>\t\t\t\t<\/div>\n\t\t\t\t\t<\/div>\n\t\t<\/div>\n\t\t\t\t\t<\/div>\n\t\t<\/section>\n\t\t\t\t<section class=\"elementor-section elementor-top-section elementor-element elementor-element-f69e883 elementor-section-boxed elementor-section-height-default elementor-section-height-default\" data-id=\"f69e883\" data-element_type=\"section\">\n\t\t\t\t\t\t<div class=\"elementor-container elementor-column-gap-default\">\n\t\t\t\t\t<div class=\"elementor-column elementor-col-100 elementor-top-column elementor-element elementor-element-7850120b\" data-id=\"7850120b\" data-element_type=\"column\">\n\t\t\t<div class=\"elementor-widget-wrap elementor-element-populated\">\n\t\t\t\t\t\t<section class=\"elementor-section elementor-inner-section elementor-element elementor-element-368953e4 elementor-section-boxed elementor-section-height-default elementor-section-height-default\" data-id=\"368953e4\" data-element_type=\"section\">\n\t\t\t\t\t\t<div class=\"elementor-container elementor-column-gap-default\">\n\t\t\t\t\t<div class=\"elementor-column elementor-col-50 elementor-inner-column elementor-element elementor-element-7a5e9b4c\" data-id=\"7a5e9b4c\" data-element_type=\"column\">\n\t\t\t<div class=\"elementor-widget-wrap elementor-element-populated\">\n\t\t\t\t\t\t<div class=\"elementor-element elementor-element-af6da7d pp-info-box-top elementor-widget elementor-widget-pp-info-box\" data-id=\"af6da7d\" data-element_type=\"widget\" data-widget_type=\"pp-info-box.default\">\n\t\t\t\t\t\t\t<div class=\"pp-info-box-container\">\n\t\t\t<div class=\"pp-info-box\">\n\t\t\t\t\t\t\t\t\t<div class=\"pp-info-box-icon-wrap\">\n\t\t\t\t\t\t\t\t\t\t\t\t\t\t<span class=\"pp-info-box-icon pp-icon\">\n\t\t\t\t\t\t\t<i aria-hidden=\"true\" class=\"fas fa-phone-square-alt\"><\/i>\t\t\t\t\t\t<\/span>\n\t\t\t\t\t\t\t\t\t\t\t\t\t<\/div>\n\t\t\t\t\t\t\t\t<div class=\"pp-info-box-content\">\n\t\t\t\t\t<div class=\"pp-info-box-title-wrap\">\n\t\t\t\t\t\t\t\t\t\t\t\t\t<div class=\"pp-info-box-title-container\">\n\t\t\t\t\t\t\t\t<h6 class=\"pp-info-box-title\">\n\t\t\t\t\t\t\t\t\tPaskambinkite\t\t\t\t\t\t\t\t<\/h6>\n\t\t\t\t\t\t\t<\/div>\n\t\t\t\t\t\t\t\t\t\t\t\t<\/div>\n\n\t\t\t\t\t\n\t\t\t\t\t\t\t\t\t\t\t<div class=\"pp-info-box-description\">\n\t\t\t\t\t\t\t<p><a href=\"tel:37065909194\">+37065909194<\/a><\/p>\t\t\t\t\t\t<\/div>\n\t\t\t\t\t\t\t\t\t\t\t\t\t\t<\/div>\n\t\t\t<\/div>\n\t\t<\/div>\n\t\t\t\t\t\t<\/div>\n\t\t\t\t\t<\/div>\n\t\t<\/div>\n\t\t\t\t<div class=\"elementor-column elementor-col-50 elementor-inner-column elementor-element elementor-element-4371acf3\" data-id=\"4371acf3\" data-element_type=\"column\">\n\t\t\t<div class=\"elementor-widget-wrap elementor-element-populated\">\n\t\t\t\t\t\t<div class=\"elementor-element elementor-element-cdc6246 elementor-widget elementor-widget-pp-info-box\" data-id=\"cdc6246\" data-element_type=\"widget\" data-widget_type=\"pp-info-box.default\">\n\t\t\t\t\t\t\t<div class=\"pp-info-box-container\">\n\t\t\t<div class=\"pp-info-box\">\n\t\t\t\t\t\t\t\t\t<div class=\"pp-info-box-icon-wrap\">\n\t\t\t\t\t\t\t\t\t\t\t\t\t\t<span class=\"pp-info-box-icon pp-icon\">\n\t\t\t\t\t\t\t<i aria-hidden=\"true\" class=\"fas fa-envelope\"><\/i>\t\t\t\t\t\t<\/span>\n\t\t\t\t\t\t\t\t\t\t\t\t\t<\/div>\n\t\t\t\t\t\t\t\t<div class=\"pp-info-box-content\">\n\t\t\t\t\t<div class=\"pp-info-box-title-wrap\">\n\t\t\t\t\t\t\t\t\t\t\t\t\t<div class=\"pp-info-box-title-container\">\n\t\t\t\t\t\t\t\t<h6 class=\"pp-info-box-title\">\n\t\t\t\t\t\t\t\t\tPara\u0161ykite\t\t\t\t\t\t\t\t<\/h6>\n\t\t\t\t\t\t\t<\/div>\n\t\t\t\t\t\t\t\t\t\t\t\t<\/div>\n\n\t\t\t\t\t\n\t\t\t\t\t\t\t\t\t\t\t<div class=\"pp-info-box-description\">\n\t\t\t\t\t\t\t<p><a href=\"mailto:miroslavas@monkevicius.lt\">miroslavas@monkevicius.lt<\/a><\/p>\t\t\t\t\t\t<\/div>\n\t\t\t\t\t\t\t\t\t\t\t\t\t\t<\/div>\n\t\t\t<\/div>\n\t\t<\/div>\n\t\t\t\t\t\t<\/div>\n\t\t\t\t\t<\/div>\n\t\t<\/div>\n\t\t\t\t\t<\/div>\n\t\t<\/section>\n\t\t\t\t\t<\/div>\n\t\t<\/div>\n\t\t\t\t\t<\/div>\n\t\t<\/section>\n\t\t\t\t<section class=\"elementor-section elementor-top-section elementor-element elementor-element-14c8e94f elementor-section-boxed elementor-section-height-default elementor-section-height-default\" data-id=\"14c8e94f\" data-element_type=\"section\">\n\t\t\t\t\t\t<div class=\"elementor-container elementor-column-gap-default\">\n\t\t\t\t\t<div class=\"elementor-column elementor-col-100 elementor-top-column elementor-element elementor-element-2fab9257\" data-id=\"2fab9257\" data-element_type=\"column\">\n\t\t\t<div class=\"elementor-widget-wrap elementor-element-populated\">\n\t\t\t\t\t\t<div class=\"elementor-element elementor-element-8f1f13e elementor-button-align-center elementor-widget elementor-widget-form\" data-id=\"8f1f13e\" data-element_type=\"widget\" data-settings=\"{&quot;step_next_label&quot;:&quot;Kitas&quot;,&quot;step_previous_label&quot;:&quot;Ankstesnis&quot;,&quot;button_width&quot;:&quot;100&quot;,&quot;step_type&quot;:&quot;number_text&quot;,&quot;step_icon_shape&quot;:&quot;circle&quot;}\" data-widget_type=\"form.default\">\n\t\t\t\t\t\t\t<form class=\"elementor-form\" method=\"post\" name=\"Kontakt\u0173 forma\" aria-label=\"Kontakt\u0173 forma\" novalidate=\"\">\n\t\t\t<input type=\"hidden\" name=\"post_id\" value=\"47\"\/>\n\t\t\t<input type=\"hidden\" name=\"form_id\" value=\"8f1f13e\"\/>\n\t\t\t<input type=\"hidden\" name=\"referer_title\" value=\"Kontaktai - Monkevi\u010dius\" \/>\n\n\t\t\t\t\t\t\t<input type=\"hidden\" name=\"queried_id\" value=\"47\"\/>\n\t\t\t\n\t\t\t<div class=\"elementor-form-fields-wrapper elementor-labels-above\">\n\t\t\t\t\t\t\t\t<div class=\"elementor-field-type-text elementor-field-group elementor-column elementor-field-group-name elementor-col-100 elementor-field-required elementor-mark-required\">\n\t\t\t\t\t\t\t\t\t\t\t\t<label for=\"form-field-name\" class=\"elementor-field-label\">\n\t\t\t\t\t\t\t\tJ\u016bs\u0173 vardas\t\t\t\t\t\t\t<\/label>\n\t\t\t\t\t\t\t\t\t\t\t\t\t\t<input size=\"1\" type=\"text\" name=\"form_fields[name]\" id=\"form-field-name\" class=\"elementor-field elementor-size-lg  elementor-field-textual\" placeholder=\"J\u016bs\u0173 vardas\" required=\"required\">\n\t\t\t\t\t\t\t\t\t\t\t<\/div>\n\t\t\t\t\t\t\t\t<div class=\"elementor-field-type-email elementor-field-group elementor-column elementor-field-group-email elementor-col-100 elementor-field-required elementor-mark-required\">\n\t\t\t\t\t\t\t\t\t\t\t\t<label for=\"form-field-email\" class=\"elementor-field-label\">\n\t\t\t\t\t\t\t\tJ\u016bs\u0173 el. pa\u0161tas\t\t\t\t\t\t\t<\/label>\n\t\t\t\t\t\t\t\t\t\t\t\t\t\t<input size=\"1\" type=\"email\" name=\"form_fields[email]\" id=\"form-field-email\" class=\"elementor-field elementor-size-lg  elementor-field-textual\" placeholder=\"J\u016bs\u0173 el. pa\u0161tas\" required=\"required\">\n\t\t\t\t\t\t\t\t\t\t\t<\/div>\n\t\t\t\t\t\t\t\t<div class=\"elementor-field-type-textarea elementor-field-group elementor-column elementor-field-group-message elementor-col-100 elementor-field-required elementor-mark-required\">\n\t\t\t\t\t\t\t\t\t\t\t\t<label for=\"form-field-message\" class=\"elementor-field-label\">\n\t\t\t\t\t\t\t\tJ\u016bs\u0173 \u017einut\u0117\t\t\t\t\t\t\t<\/label>\n\t\t\t\t\t\t<textarea class=\"elementor-field-textual elementor-field  elementor-size-lg\" name=\"form_fields[message]\" id=\"form-field-message\" rows=\"4\" placeholder=\"\u017dinut\u0117..\" required=\"required\"><\/textarea>\t\t\t\t<\/div>\n\t\t\t\t\t\t\t\t<div class=\"elementor-field-group elementor-column elementor-field-type-submit elementor-col-100 e-form__buttons\">\n\t\t\t\t\t<button class=\"elementor-button elementor-size-md elementor-animation-pulse\" type=\"submit\">\n\t\t\t\t\t\t<span class=\"elementor-button-content-wrapper\">\n\t\t\t\t\t\t\t\t\t\t\t\t\t\t\t\t\t\t\t\t\t\t<span class=\"elementor-button-text\">PATVIRTINTI<\/span>\n\t\t\t\t\t\t\t\t\t\t\t\t\t<\/span>\n\t\t\t\t\t<\/button>\n\t\t\t\t<\/div>\n\t\t\t<\/div>\n\t\t<\/form>\n\t\t\t\t\t\t<\/div>\n\t\t\t\t\t<\/div>\n\t\t<\/div>\n\t\t\t\t\t<\/div>\n\t\t<\/section>\n\t\t\t\t<\/div>\n\t\t","protected":false},"excerpt":{"rendered":"<p>Kontaktai Susisiekime pokalbiui apie sprendimus jums, j\u016bs\u0173 komandai ar organizacijai Paskambinkite +37065909194 Para\u0161ykite miroslavas@monkevicius.lt<\/p>","protected":false},"author":1,"featured_media":0,"parent":0,"menu_order":0,"comment_status":"closed","ping_status":"closed","template":"","meta":{"footnotes":""},"class_list":["post-47","page","type-page","status-publish","hentry"],"yoast_head":"<!-- This site is optimized with the Yoast SEO plugin v26.9 - https:\/\/yoast.com\/product\/yoast-seo-wordpress\/ -->\n<title>Kontaktai - Monkevi\u010dius<\/title>\n<meta name=\"robots\" content=\"index, follow, max-snippet:-1, max-image-preview:large, max-video-preview:-1\" \/>\n<link rel=\"canonical\" href=\"https:\/\/monkevicius.lt\/en\/kontaktai\/\" \/>\n<meta property=\"og:locale\" content=\"en_GB\" \/>\n<meta property=\"og:type\" content=\"article\" \/>\n<meta property=\"og:title\" content=\"Kontaktai - Monkevi\u010dius\" \/>\n<meta property=\"og:description\" content=\"Kontaktai Susisiekime pokalbiui apie sprendimus jums, j\u016bs\u0173 komandai ar organizacijai Paskambinkite +37065909194 Para\u0161ykite miroslavas@monkevicius.lt\" \/>\n<meta property=\"og:url\" content=\"https:\/\/monkevicius.lt\/en\/kontaktai\/\" \/>\n<meta property=\"og:site_name\" content=\"Monkevi\u010dius\" \/>\n<meta property=\"article:publisher\" content=\"https:\/\/www.facebook.com\/monkevicius.lt\" \/>\n<meta property=\"article:modified_time\" content=\"2024-12-16T15:42:24+00:00\" \/>\n<meta property=\"og:image\" content=\"https:\/\/monkevicius.lt\/wp-content\/uploads\/2024\/12\/Miroslavas-Monkevicius.webp\" \/>\n\t<meta property=\"og:image:width\" content=\"2475\" \/>\n\t<meta property=\"og:image:height\" content=\"2475\" \/>\n\t<meta property=\"og:image:type\" content=\"image\/webp\" \/>\n<meta name=\"twitter:card\" content=\"summary_large_image\" \/>\n<script type=\"application\/ld+json\" class=\"yoast-schema-graph\">{\"@context\":\"https:\/\/schema.org\",\"@graph\":[{\"@type\":\"WebPage\",\"@id\":\"https:\/\/monkevicius.lt\/kontaktai\/\",\"url\":\"https:\/\/monkevicius.lt\/kontaktai\/\",\"name\":\"Kontaktai - Monkevi\u010dius\",\"isPartOf\":{\"@id\":\"https:\/\/monkevicius.lt\/#website\"},\"datePublished\":\"2020-07-09T16:26:14+00:00\",\"dateModified\":\"2024-12-16T15:42:24+00:00\",\"breadcrumb\":{\"@id\":\"https:\/\/monkevicius.lt\/kontaktai\/#breadcrumb\"},\"inLanguage\":\"en-GB\",\"potentialAction\":[{\"@type\":\"ReadAction\",\"target\":[\"https:\/\/monkevicius.lt\/kontaktai\/\"]}]},{\"@type\":\"BreadcrumbList\",\"@id\":\"https:\/\/monkevicius.lt\/kontaktai\/#breadcrumb\",\"itemListElement\":[{\"@type\":\"ListItem\",\"position\":1,\"name\":\"Home\",\"item\":\"https:\/\/monkevicius.lt\/\"},{\"@type\":\"ListItem\",\"position\":2,\"name\":\"Kontaktai\"}]},{\"@type\":\"WebSite\",\"@id\":\"https:\/\/monkevicius.lt\/#website\",\"url\":\"https:\/\/monkevicius.lt\/\",\"name\":\"Miroslavas Monkevi\u010dius\",\"description\":\"Sertifikuotas kou\u010dingo specialistas\",\"publisher\":{\"@id\":\"https:\/\/monkevicius.lt\/#organization\"},\"potentialAction\":[{\"@type\":\"SearchAction\",\"target\":{\"@type\":\"EntryPoint\",\"urlTemplate\":\"https:\/\/monkevicius.lt\/?s={search_term_string}\"},\"query-input\":{\"@type\":\"PropertyValueSpecification\",\"valueRequired\":true,\"valueName\":\"search_term_string\"}}],\"inLanguage\":\"en-GB\"},{\"@type\":\"Organization\",\"@id\":\"https:\/\/monkevicius.lt\/#organization\",\"name\":\"Monkevi\u010dius\",\"url\":\"https:\/\/monkevicius.lt\/\",\"logo\":{\"@type\":\"ImageObject\",\"inLanguage\":\"en-GB\",\"@id\":\"https:\/\/monkevicius.lt\/#\/schema\/logo\/image\/\",\"url\":\"https:\/\/monkevicius.lt\/wp-content\/uploads\/2021\/01\/x8-1.png\",\"contentUrl\":\"https:\/\/monkevicius.lt\/wp-content\/uploads\/2021\/01\/x8-1.png\",\"width\":3015,\"height\":753,\"caption\":\"Monkevi\u010dius\"},\"image\":{\"@id\":\"https:\/\/monkevicius.lt\/#\/schema\/logo\/image\/\"},\"sameAs\":[\"https:\/\/www.facebook.com\/monkevicius.lt\",\"https:\/\/www.linkedin.com\/in\/mmonkevicius\/\",\"https:\/\/www.youtube.com\/@coachmiroslavas\",\"https:\/\/www.instagram.com\/monkevicius\",\"https:\/\/monkevicius.substack.com\/\"]}]}<\/script>\n<!-- \/ Yoast SEO plugin. -->","yoast_head_json":{"title":"Kontaktai - Monkevi\u010dius","robots":{"index":"index","follow":"follow","max-snippet":"max-snippet:-1","max-image-preview":"max-image-preview:large","max-video-preview":"max-video-preview:-1"},"canonical":"https:\/\/monkevicius.lt\/en\/kontaktai\/","og_locale":"en_GB","og_type":"article","og_title":"Kontaktai - Monkevi\u010dius","og_description":"Kontaktai Susisiekime pokalbiui apie sprendimus jums, j\u016bs\u0173 komandai ar organizacijai Paskambinkite +37065909194 Para\u0161ykite miroslavas@monkevicius.lt","og_url":"https:\/\/monkevicius.lt\/en\/kontaktai\/","og_site_name":"Monkevi\u010dius","article_publisher":"https:\/\/www.facebook.com\/monkevicius.lt","article_modified_time":"2024-12-16T15:42:24+00:00","og_image":[{"width":2475,"height":2475,"url":"https:\/\/monkevicius.lt\/wp-content\/uploads\/2024\/12\/Miroslavas-Monkevicius.webp","type":"image\/webp"}],"twitter_card":"summary_large_image","schema":{"@context":"https:\/\/schema.org","@graph":[{"@type":"WebPage","@id":"https:\/\/monkevicius.lt\/kontaktai\/","url":"https:\/\/monkevicius.lt\/kontaktai\/","name":"Kontaktai - Monkevi\u010dius","isPartOf":{"@id":"https:\/\/monkevicius.lt\/#website"},"datePublished":"2020-07-09T16:26:14+00:00","dateModified":"2024-12-16T15:42:24+00:00","breadcrumb":{"@id":"https:\/\/monkevicius.lt\/kontaktai\/#breadcrumb"},"inLanguage":"en-GB","potentialAction":[{"@type":"ReadAction","target":["https:\/\/monkevicius.lt\/kontaktai\/"]}]},{"@type":"BreadcrumbList","@id":"https:\/\/monkevicius.lt\/kontaktai\/#breadcrumb","itemListElement":[{"@type":"ListItem","position":1,"name":"Home","item":"https:\/\/monkevicius.lt\/"},{"@type":"ListItem","position":2,"name":"Kontaktai"}]},{"@type":"WebSite","@id":"https:\/\/monkevicius.lt\/#website","url":"https:\/\/monkevicius.lt\/","name":"Miroslavas Monkevi\u010dius","description":"Sertifikuotas kou\u010dingo specialistas","publisher":{"@id":"https:\/\/monkevicius.lt\/#organization"},"potentialAction":[{"@type":"SearchAction","target":{"@type":"EntryPoint","urlTemplate":"https:\/\/monkevicius.lt\/?s={search_term_string}"},"query-input":{"@type":"PropertyValueSpecification","valueRequired":true,"valueName":"search_term_string"}}],"inLanguage":"en-GB"},{"@type":"Organization","@id":"https:\/\/monkevicius.lt\/#organization","name":"Monkevi\u010dius","url":"https:\/\/monkevicius.lt\/","logo":{"@type":"ImageObject","inLanguage":"en-GB","@id":"https:\/\/monkevicius.lt\/#\/schema\/logo\/image\/","url":"https:\/\/monkevicius.lt\/wp-content\/uploads\/2021\/01\/x8-1.png","contentUrl":"https:\/\/monkevicius.lt\/wp-content\/uploads\/2021\/01\/x8-1.png","width":3015,"height":753,"caption":"Monkevi\u010dius"},"image":{"@id":"https:\/\/monkevicius.lt\/#\/schema\/logo\/image\/"},"sameAs":["https:\/\/www.facebook.com\/monkevicius.lt","https:\/\/www.linkedin.com\/in\/mmonkevicius\/","https:\/\/www.youtube.com\/@coachmiroslavas","https:\/\/www.instagram.com\/monkevicius","https:\/\/monkevicius.substack.com\/"]}]}},"_links":{"self":[{"href":"https:\/\/monkevicius.lt\/en\/wp-json\/wp\/v2\/pages\/47","targetHints":{"allow":["GET"]}}],"collection":[{"href":"https:\/\/monkevicius.lt\/en\/wp-json\/wp\/v2\/pages"}],"about":[{"href":"https:\/\/monkevicius.lt\/en\/wp-json\/wp\/v2\/types\/page"}],"author":[{"embeddable":true,"href":"https:\/\/monkevicius.lt\/en\/wp-json\/wp\/v2\/users\/1"}],"replies":[{"embeddable":true,"href":"https:\/\/monkevicius.lt\/en\/wp-json\/wp\/v2\/comments?post=47"}],"version-history":[{"count":1,"href":"https:\/\/monkevicius.lt\/en\/wp-json\/wp\/v2\/pages\/47\/revisions"}],"predecessor-version":[{"id":93212253,"href":"https:\/\/monkevicius.lt\/en\/wp-json\/wp\/v2\/pages\/47\/revisions\/93212253"}],"wp:attachment":[{"href":"https:\/\/monkevicius.lt\/en\/wp-json\/wp\/v2\/media?parent=47"}],"curies":[{"name":"wp","href":"https:\/\/api.w.org\/{rel}","templated":true}]}}