{"id":93208379,"date":"2024-10-27T16:57:43","date_gmt":"2024-10-27T13:57:43","guid":{"rendered":"http:\/\/monkevicius.lt\/krepselis\/"},"modified":"2024-12-23T00:31:15","modified_gmt":"2024-12-22T21:31:15","slug":"krepselis","status":"publish","type":"page","link":"https:\/\/monkevicius.lt\/en\/krepselis\/","title":{"rendered":"Krep\u0161elis"},"content":{"rendered":"<div data-elementor-type=\"wp-page\" data-elementor-id=\"93208379\" class=\"elementor elementor-93208379\" data-elementor-post-type=\"page\">\n\t\t\t\t\t\t<section class=\"elementor-section elementor-top-section elementor-element elementor-element-6c83871 elementor-section-boxed elementor-section-height-default elementor-section-height-default\" data-id=\"6c83871\" data-element_type=\"section\">\n\t\t\t\t\t\t<div class=\"elementor-container elementor-column-gap-default\">\n\t\t\t\t\t<div class=\"elementor-column elementor-col-50 elementor-top-column elementor-element elementor-element-a50d113\" data-id=\"a50d113\" data-element_type=\"column\">\n\t\t\t<div class=\"elementor-widget-wrap elementor-element-populated\">\n\t\t\t\t\t\t<div class=\"elementor-element elementor-element-6a5a274 elementor-widget elementor-widget-heading\" data-id=\"6a5a274\" data-element_type=\"widget\" data-widget_type=\"heading.default\">\n\t\t\t\t\t<h1 class=\"elementor-heading-title elementor-size-default\">Krep\u0161elis<\/h1>\t\t\t\t<\/div>\n\t\t\t\t\t<\/div>\n\t\t<\/div>\n\t\t\t\t<div class=\"elementor-column elementor-col-50 elementor-top-column elementor-element elementor-element-30596ff\" data-id=\"30596ff\" data-element_type=\"column\">\n\t\t\t<div class=\"elementor-widget-wrap\">\n\t\t\t\t\t\t\t<\/div>\n\t\t<\/div>\n\t\t\t\t\t<\/div>\n\t\t<\/section>\n\t\t\t\t<section class=\"elementor-section elementor-top-section elementor-element elementor-element-78208af8 elementor-section-boxed elementor-section-height-default elementor-section-height-default\" data-id=\"78208af8\" data-element_type=\"section\">\n\t\t\t\t\t\t<div class=\"elementor-container elementor-column-gap-default\">\n\t\t\t\t\t<div class=\"elementor-column elementor-col-100 elementor-top-column elementor-element elementor-element-71a390c7\" data-id=\"71a390c7\" data-element_type=\"column\">\n\t\t\t<div class=\"elementor-widget-wrap elementor-element-populated\">\n\t\t\t\t\t\t\t<\/div>\n\t\t<\/div>\n\t\t\t\t\t<\/div>\n\t\t<\/section>\n\t\t\t\t<\/div>","protected":false},"excerpt":{"rendered":"<p>Krep\u0161elis Pa\u0161alinti prek\u0119 Thumbnail image Produktas Kaina Kiekis Suma &times; BAZINIS EXTRA 1498,00&nbsp;&euro; produkto kiekis: BAZINIS EXTRA 1498,00&nbsp;&euro; &times; BAZINIS 360,00&nbsp;&euro; produkto kiekis: BAZINIS 360,00&nbsp;&euro; &times; Asmenini\u0173 tiksl\u0173 k\u0117limo pratybos &#8211; Minimalus paketas 23,14&nbsp;&euro; produkto kiekis: Asmenini\u0173 tiksl\u0173 k\u0117limo pratybos &#8211; Minimalus paketas 185,12&nbsp;&euro; &times; S\u0117kmingo vadovo kelias startinis paketas 733,88&nbsp;&euro; produkto kiekis: S\u0117kmingo vadovo [&hellip;]<\/p>\n","protected":false},"author":1,"featured_media":0,"parent":0,"menu_order":0,"comment_status":"closed","ping_status":"closed","template":"","meta":{"footnotes":""},"class_list":["post-93208379","page","type-page","status-publish","hentry"],"yoast_head":"<!-- This site is optimized with the Yoast SEO plugin v26.9 - https:\/\/yoast.com\/product\/yoast-seo-wordpress\/ -->\n<title>Krep\u0161elis - Monkevi\u010dius<\/title>\n<meta name=\"robots\" content=\"index, follow, max-snippet:-1, max-image-preview:large, max-video-preview:-1\" \/>\n<link rel=\"canonical\" href=\"https:\/\/monkevicius.lt\/en\/krepselis\/\" \/>\n<meta property=\"og:locale\" content=\"en_GB\" \/>\n<meta property=\"og:type\" content=\"article\" \/>\n<meta property=\"og:title\" content=\"Krep\u0161elis - Monkevi\u010dius\" \/>\n<meta property=\"og:description\" content=\"Krep\u0161elis Pa\u0161alinti prek\u0119 Thumbnail image Produktas Kaina Kiekis Suma &times; BAZINIS EXTRA 1498,00&nbsp;&euro; produkto kiekis: BAZINIS EXTRA 1498,00&nbsp;&euro; &times; BAZINIS 360,00&nbsp;&euro; produkto kiekis: BAZINIS 360,00&nbsp;&euro; &times; Asmenini\u0173 tiksl\u0173 k\u0117limo pratybos &#8211; Minimalus paketas 23,14&nbsp;&euro; produkto kiekis: Asmenini\u0173 tiksl\u0173 k\u0117limo pratybos &#8211; Minimalus paketas 185,12&nbsp;&euro; &times; S\u0117kmingo vadovo kelias startinis paketas 733,88&nbsp;&euro; produkto kiekis: S\u0117kmingo vadovo [&hellip;]\" \/>\n<meta property=\"og:url\" content=\"https:\/\/monkevicius.lt\/en\/krepselis\/\" \/>\n<meta property=\"og:site_name\" content=\"Monkevi\u010dius\" \/>\n<meta property=\"article:publisher\" content=\"https:\/\/www.facebook.com\/monkevicius.lt\" \/>\n<meta property=\"article:modified_time\" content=\"2024-12-22T21:31:15+00:00\" \/>\n<meta property=\"og:image\" content=\"http:\/\/monkevicius.lt\/wp-content\/uploads\/2024\/11\/2-1-300x300.webp\" \/>\n<meta name=\"twitter:card\" content=\"summary_large_image\" \/>\n<meta name=\"twitter:label1\" content=\"Estimated reading time\" \/>\n\t<meta name=\"twitter:data1\" content=\"1 minute\" \/>\n<script type=\"application\/ld+json\" class=\"yoast-schema-graph\">{\"@context\":\"https:\/\/schema.org\",\"@graph\":[{\"@type\":\"WebPage\",\"@id\":\"https:\/\/monkevicius.lt\/krepselis\/\",\"url\":\"https:\/\/monkevicius.lt\/krepselis\/\",\"name\":\"Krep\u0161elis - Monkevi\u010dius\",\"isPartOf\":{\"@id\":\"https:\/\/monkevicius.lt\/#website\"},\"primaryImageOfPage\":{\"@id\":\"https:\/\/monkevicius.lt\/krepselis\/#primaryimage\"},\"image\":{\"@id\":\"https:\/\/monkevicius.lt\/krepselis\/#primaryimage\"},\"thumbnailUrl\":\"http:\/\/monkevicius.lt\/wp-content\/uploads\/2024\/11\/2-1-300x300.webp\",\"datePublished\":\"2024-10-27T13:57:43+00:00\",\"dateModified\":\"2024-12-22T21:31:15+00:00\",\"breadcrumb\":{\"@id\":\"https:\/\/monkevicius.lt\/krepselis\/#breadcrumb\"},\"inLanguage\":\"en-GB\",\"potentialAction\":[{\"@type\":\"ReadAction\",\"target\":[\"https:\/\/monkevicius.lt\/krepselis\/\"]}]},{\"@type\":\"ImageObject\",\"inLanguage\":\"en-GB\",\"@id\":\"https:\/\/monkevicius.lt\/krepselis\/#primaryimage\",\"url\":\"http:\/\/monkevicius.lt\/wp-content\/uploads\/2024\/11\/2-1-300x300.webp\",\"contentUrl\":\"http:\/\/monkevicius.lt\/wp-content\/uploads\/2024\/11\/2-1-300x300.webp\"},{\"@type\":\"BreadcrumbList\",\"@id\":\"https:\/\/monkevicius.lt\/krepselis\/#breadcrumb\",\"itemListElement\":[{\"@type\":\"ListItem\",\"position\":1,\"name\":\"Home\",\"item\":\"https:\/\/monkevicius.lt\/\"},{\"@type\":\"ListItem\",\"position\":2,\"name\":\"Krep\u0161elis\"}]},{\"@type\":\"WebSite\",\"@id\":\"https:\/\/monkevicius.lt\/#website\",\"url\":\"https:\/\/monkevicius.lt\/\",\"name\":\"Miroslavas Monkevi\u010dius\",\"description\":\"Sertifikuotas kou\u010dingo specialistas\",\"publisher\":{\"@id\":\"https:\/\/monkevicius.lt\/#organization\"},\"potentialAction\":[{\"@type\":\"SearchAction\",\"target\":{\"@type\":\"EntryPoint\",\"urlTemplate\":\"https:\/\/monkevicius.lt\/?s={search_term_string}\"},\"query-input\":{\"@type\":\"PropertyValueSpecification\",\"valueRequired\":true,\"valueName\":\"search_term_string\"}}],\"inLanguage\":\"en-GB\"},{\"@type\":\"Organization\",\"@id\":\"https:\/\/monkevicius.lt\/#organization\",\"name\":\"Monkevi\u010dius\",\"url\":\"https:\/\/monkevicius.lt\/\",\"logo\":{\"@type\":\"ImageObject\",\"inLanguage\":\"en-GB\",\"@id\":\"https:\/\/monkevicius.lt\/#\/schema\/logo\/image\/\",\"url\":\"https:\/\/monkevicius.lt\/wp-content\/uploads\/2021\/01\/x8-1.png\",\"contentUrl\":\"https:\/\/monkevicius.lt\/wp-content\/uploads\/2021\/01\/x8-1.png\",\"width\":3015,\"height\":753,\"caption\":\"Monkevi\u010dius\"},\"image\":{\"@id\":\"https:\/\/monkevicius.lt\/#\/schema\/logo\/image\/\"},\"sameAs\":[\"https:\/\/www.facebook.com\/monkevicius.lt\",\"https:\/\/www.linkedin.com\/in\/mmonkevicius\/\",\"https:\/\/www.youtube.com\/@coachmiroslavas\",\"https:\/\/www.instagram.com\/monkevicius\",\"https:\/\/monkevicius.substack.com\/\"]}]}<\/script>\n<!-- \/ Yoast SEO plugin. -->","yoast_head_json":{"title":"Krep\u0161elis - Monkevi\u010dius","robots":{"index":"index","follow":"follow","max-snippet":"max-snippet:-1","max-image-preview":"max-image-preview:large","max-video-preview":"max-video-preview:-1"},"canonical":"https:\/\/monkevicius.lt\/en\/krepselis\/","og_locale":"en_GB","og_type":"article","og_title":"Krep\u0161elis - Monkevi\u010dius","og_description":"Krep\u0161elis Pa\u0161alinti prek\u0119 Thumbnail image Produktas Kaina Kiekis Suma &times; BAZINIS EXTRA 1498,00&nbsp;&euro; produkto kiekis: BAZINIS EXTRA 1498,00&nbsp;&euro; &times; BAZINIS 360,00&nbsp;&euro; produkto kiekis: BAZINIS 360,00&nbsp;&euro; &times; Asmenini\u0173 tiksl\u0173 k\u0117limo pratybos &#8211; Minimalus paketas 23,14&nbsp;&euro; produkto kiekis: Asmenini\u0173 tiksl\u0173 k\u0117limo pratybos &#8211; Minimalus paketas 185,12&nbsp;&euro; &times; S\u0117kmingo vadovo kelias startinis paketas 733,88&nbsp;&euro; produkto kiekis: S\u0117kmingo vadovo [&hellip;]","og_url":"https:\/\/monkevicius.lt\/en\/krepselis\/","og_site_name":"Monkevi\u010dius","article_publisher":"https:\/\/www.facebook.com\/monkevicius.lt","article_modified_time":"2024-12-22T21:31:15+00:00","og_image":[{"url":"http:\/\/monkevicius.lt\/wp-content\/uploads\/2024\/11\/2-1-300x300.webp","type":"","width":"","height":""}],"twitter_card":"summary_large_image","twitter_misc":{"Estimated reading time":"1 minute"},"schema":{"@context":"https:\/\/schema.org","@graph":[{"@type":"WebPage","@id":"https:\/\/monkevicius.lt\/krepselis\/","url":"https:\/\/monkevicius.lt\/krepselis\/","name":"Krep\u0161elis - Monkevi\u010dius","isPartOf":{"@id":"https:\/\/monkevicius.lt\/#website"},"primaryImageOfPage":{"@id":"https:\/\/monkevicius.lt\/krepselis\/#primaryimage"},"image":{"@id":"https:\/\/monkevicius.lt\/krepselis\/#primaryimage"},"thumbnailUrl":"http:\/\/monkevicius.lt\/wp-content\/uploads\/2024\/11\/2-1-300x300.webp","datePublished":"2024-10-27T13:57:43+00:00","dateModified":"2024-12-22T21:31:15+00:00","breadcrumb":{"@id":"https:\/\/monkevicius.lt\/krepselis\/#breadcrumb"},"inLanguage":"en-GB","potentialAction":[{"@type":"ReadAction","target":["https:\/\/monkevicius.lt\/krepselis\/"]}]},{"@type":"ImageObject","inLanguage":"en-GB","@id":"https:\/\/monkevicius.lt\/krepselis\/#primaryimage","url":"http:\/\/monkevicius.lt\/wp-content\/uploads\/2024\/11\/2-1-300x300.webp","contentUrl":"http:\/\/monkevicius.lt\/wp-content\/uploads\/2024\/11\/2-1-300x300.webp"},{"@type":"BreadcrumbList","@id":"https:\/\/monkevicius.lt\/krepselis\/#breadcrumb","itemListElement":[{"@type":"ListItem","position":1,"name":"Home","item":"https:\/\/monkevicius.lt\/"},{"@type":"ListItem","position":2,"name":"Krep\u0161elis"}]},{"@type":"WebSite","@id":"https:\/\/monkevicius.lt\/#website","url":"https:\/\/monkevicius.lt\/","name":"Miroslavas Monkevi\u010dius","description":"Sertifikuotas kou\u010dingo specialistas","publisher":{"@id":"https:\/\/monkevicius.lt\/#organization"},"potentialAction":[{"@type":"SearchAction","target":{"@type":"EntryPoint","urlTemplate":"https:\/\/monkevicius.lt\/?s={search_term_string}"},"query-input":{"@type":"PropertyValueSpecification","valueRequired":true,"valueName":"search_term_string"}}],"inLanguage":"en-GB"},{"@type":"Organization","@id":"https:\/\/monkevicius.lt\/#organization","name":"Monkevi\u010dius","url":"https:\/\/monkevicius.lt\/","logo":{"@type":"ImageObject","inLanguage":"en-GB","@id":"https:\/\/monkevicius.lt\/#\/schema\/logo\/image\/","url":"https:\/\/monkevicius.lt\/wp-content\/uploads\/2021\/01\/x8-1.png","contentUrl":"https:\/\/monkevicius.lt\/wp-content\/uploads\/2021\/01\/x8-1.png","width":3015,"height":753,"caption":"Monkevi\u010dius"},"image":{"@id":"https:\/\/monkevicius.lt\/#\/schema\/logo\/image\/"},"sameAs":["https:\/\/www.facebook.com\/monkevicius.lt","https:\/\/www.linkedin.com\/in\/mmonkevicius\/","https:\/\/www.youtube.com\/@coachmiroslavas","https:\/\/www.instagram.com\/monkevicius","https:\/\/monkevicius.substack.com\/"]}]}},"_links":{"self":[{"href":"https:\/\/monkevicius.lt\/en\/wp-json\/wp\/v2\/pages\/93208379","targetHints":{"allow":["GET"]}}],"collection":[{"href":"https:\/\/monkevicius.lt\/en\/wp-json\/wp\/v2\/pages"}],"about":[{"href":"https:\/\/monkevicius.lt\/en\/wp-json\/wp\/v2\/types\/page"}],"author":[{"embeddable":true,"href":"https:\/\/monkevicius.lt\/en\/wp-json\/wp\/v2\/users\/1"}],"replies":[{"embeddable":true,"href":"https:\/\/monkevicius.lt\/en\/wp-json\/wp\/v2\/comments?post=93208379"}],"version-history":[{"count":0,"href":"https:\/\/monkevicius.lt\/en\/wp-json\/wp\/v2\/pages\/93208379\/revisions"}],"wp:attachment":[{"href":"https:\/\/monkevicius.lt\/en\/wp-json\/wp\/v2\/media?parent=93208379"}],"curies":[{"name":"wp","href":"https:\/\/api.w.org\/{rel}","templated":true}]}}