{"id":93208381,"date":"2024-10-27T16:57:43","date_gmt":"2024-10-27T13:57:43","guid":{"rendered":"http:\/\/monkevicius.lt\/paskyra\/"},"modified":"2026-01-07T22:51:51","modified_gmt":"2026-01-07T19:51:51","slug":"paskyra","status":"publish","type":"page","link":"https:\/\/monkevicius.lt\/en\/paskyra\/","title":{"rendered":"Paskyra"},"content":{"rendered":"<div data-elementor-type=\"wp-page\" data-elementor-id=\"93208381\" class=\"elementor elementor-93208381\" data-elementor-post-type=\"page\">\n\t\t\t\t\t\t<section class=\"elementor-section elementor-top-section elementor-element elementor-element-2e6f9e4 elementor-section-boxed elementor-section-height-default elementor-section-height-default\" data-id=\"2e6f9e4\" data-element_type=\"section\">\n\t\t\t\t\t\t<div class=\"elementor-container elementor-column-gap-default\">\n\t\t\t\t\t<div class=\"elementor-column elementor-col-50 elementor-top-column elementor-element elementor-element-aaf83d3\" data-id=\"aaf83d3\" data-element_type=\"column\">\n\t\t\t<div class=\"elementor-widget-wrap elementor-element-populated\">\n\t\t\t\t\t\t<div class=\"elementor-element elementor-element-63433fc elementor-widget elementor-widget-text-editor\" data-id=\"63433fc\" data-element_type=\"widget\" data-widget_type=\"text-editor.default\">\n\t\t\t\t\t\t\t\t\t<h1 style=\"text-align: left;\">Paskyra<\/h1>\t\t\t\t\t\t\t\t<\/div>\n\t\t\t\t\t<\/div>\n\t\t<\/div>\n\t\t\t\t<div class=\"elementor-column elementor-col-50 elementor-top-column elementor-element elementor-element-d7d4703\" data-id=\"d7d4703\" data-element_type=\"column\">\n\t\t\t<div class=\"elementor-widget-wrap\">\n\t\t\t\t\t\t\t<\/div>\n\t\t<\/div>\n\t\t\t\t\t<\/div>\n\t\t<\/section>\n\t\t\t\t<section class=\"elementor-section elementor-top-section elementor-element elementor-element-510b2a1f elementor-section-boxed elementor-section-height-default elementor-section-height-default\" data-id=\"510b2a1f\" data-element_type=\"section\">\n\t\t\t\t\t\t<div class=\"elementor-container elementor-column-gap-default\">\n\t\t\t\t\t<div class=\"elementor-column elementor-col-100 elementor-top-column elementor-element elementor-element-1351d35d\" data-id=\"1351d35d\" data-element_type=\"column\">\n\t\t\t<div class=\"elementor-widget-wrap elementor-element-populated\">\n\t\t\t\t\t\t<div class=\"elementor-element elementor-element-89f85ba e-my-account-tabs-vertical elementor-widget elementor-widget-woocommerce-my-account\" data-id=\"89f85ba\" data-element_type=\"widget\" data-settings=\"{&quot;forms_buttons_hover_animation&quot;:&quot;pulse&quot;,&quot;customize_dashboard_check&quot;:&quot;yes&quot;}\" data-widget_type=\"woocommerce-my-account.default\">\n\t\t\t\t\t<div class=\"e-my-account-tab e-my-account-tab__\">\t\t\t<div class=\"woocommerce\"><\/div>\t\t<\/div>\n\t\t\t\t\t\t<\/div>\n\t\t\t\t\t<\/div>\n\t\t<\/div>\n\t\t\t\t\t<\/div>\n\t\t<\/section>\n\t\t\t\t<\/div>","protected":false},"excerpt":{"rendered":"<p>Paskyra Skydelis U\u017esakymai Atsisiuntimai Adresai Mok\u0117jimo b\u016bdai Vartotojo informacija Atsijungti Sveiki, Siuzana! (J\u016bs ne Siuzana? Atsijunkite) Paskyroje galite per\u017ei\u016br\u0117ti savo u\u017esakymus, redaguoti savo registracijos adres\u0105 bei keisti slapta\u017eod\u012f ir kitus paskyros duomenis.<\/p>","protected":false},"author":1,"featured_media":0,"parent":0,"menu_order":0,"comment_status":"closed","ping_status":"closed","template":"","meta":{"footnotes":""},"class_list":["post-93208381","page","type-page","status-publish","hentry"],"yoast_head":"<!-- This site is optimized with the Yoast SEO plugin v26.9 - https:\/\/yoast.com\/product\/yoast-seo-wordpress\/ -->\n<title>Paskyra - Monkevi\u010dius<\/title>\n<meta name=\"robots\" content=\"index, follow, max-snippet:-1, max-image-preview:large, max-video-preview:-1\" \/>\n<link rel=\"canonical\" href=\"https:\/\/monkevicius.lt\/en\/paskyra\/\" \/>\n<meta property=\"og:locale\" content=\"en_GB\" \/>\n<meta property=\"og:type\" content=\"article\" \/>\n<meta property=\"og:title\" content=\"Paskyra - Monkevi\u010dius\" \/>\n<meta property=\"og:description\" content=\"Paskyra Skydelis U\u017esakymai Atsisiuntimai Adresai Mok\u0117jimo b\u016bdai Vartotojo informacija Atsijungti Sveiki, Siuzana! (J\u016bs ne Siuzana? Atsijunkite) Paskyroje galite per\u017ei\u016br\u0117ti savo u\u017esakymus, redaguoti savo registracijos adres\u0105 bei keisti slapta\u017eod\u012f ir kitus paskyros duomenis.\" \/>\n<meta property=\"og:url\" content=\"https:\/\/monkevicius.lt\/en\/paskyra\/\" \/>\n<meta property=\"og:site_name\" content=\"Monkevi\u010dius\" \/>\n<meta property=\"article:publisher\" content=\"https:\/\/www.facebook.com\/monkevicius.lt\" \/>\n<meta property=\"article:modified_time\" content=\"2026-01-07T19:51:51+00:00\" \/>\n<meta property=\"og:image\" content=\"https:\/\/monkevicius.lt\/wp-content\/uploads\/2024\/12\/Miroslavas-Monkevicius.webp\" \/>\n\t<meta property=\"og:image:width\" content=\"2475\" \/>\n\t<meta property=\"og:image:height\" content=\"2475\" \/>\n\t<meta property=\"og:image:type\" content=\"image\/webp\" \/>\n<meta name=\"twitter:card\" content=\"summary_large_image\" \/>\n<meta name=\"twitter:label1\" content=\"Estimated reading time\" \/>\n\t<meta name=\"twitter:data1\" content=\"3 minutes\" \/>\n<script type=\"application\/ld+json\" class=\"yoast-schema-graph\">{\"@context\":\"https:\/\/schema.org\",\"@graph\":[{\"@type\":\"WebPage\",\"@id\":\"https:\/\/monkevicius.lt\/paskyra\/\",\"url\":\"https:\/\/monkevicius.lt\/paskyra\/\",\"name\":\"Paskyra - Monkevi\u010dius\",\"isPartOf\":{\"@id\":\"https:\/\/monkevicius.lt\/#website\"},\"datePublished\":\"2024-10-27T13:57:43+00:00\",\"dateModified\":\"2026-01-07T19:51:51+00:00\",\"breadcrumb\":{\"@id\":\"https:\/\/monkevicius.lt\/paskyra\/#breadcrumb\"},\"inLanguage\":\"en-GB\",\"potentialAction\":[{\"@type\":\"ReadAction\",\"target\":[\"https:\/\/monkevicius.lt\/paskyra\/\"]}]},{\"@type\":\"BreadcrumbList\",\"@id\":\"https:\/\/monkevicius.lt\/paskyra\/#breadcrumb\",\"itemListElement\":[{\"@type\":\"ListItem\",\"position\":1,\"name\":\"Home\",\"item\":\"https:\/\/monkevicius.lt\/\"},{\"@type\":\"ListItem\",\"position\":2,\"name\":\"Paskyra\"}]},{\"@type\":\"WebSite\",\"@id\":\"https:\/\/monkevicius.lt\/#website\",\"url\":\"https:\/\/monkevicius.lt\/\",\"name\":\"Miroslavas Monkevi\u010dius\",\"description\":\"Sertifikuotas kou\u010dingo specialistas\",\"publisher\":{\"@id\":\"https:\/\/monkevicius.lt\/#organization\"},\"potentialAction\":[{\"@type\":\"SearchAction\",\"target\":{\"@type\":\"EntryPoint\",\"urlTemplate\":\"https:\/\/monkevicius.lt\/?s={search_term_string}\"},\"query-input\":{\"@type\":\"PropertyValueSpecification\",\"valueRequired\":true,\"valueName\":\"search_term_string\"}}],\"inLanguage\":\"en-GB\"},{\"@type\":\"Organization\",\"@id\":\"https:\/\/monkevicius.lt\/#organization\",\"name\":\"Monkevi\u010dius\",\"url\":\"https:\/\/monkevicius.lt\/\",\"logo\":{\"@type\":\"ImageObject\",\"inLanguage\":\"en-GB\",\"@id\":\"https:\/\/monkevicius.lt\/#\/schema\/logo\/image\/\",\"url\":\"https:\/\/monkevicius.lt\/wp-content\/uploads\/2021\/01\/x8-1.png\",\"contentUrl\":\"https:\/\/monkevicius.lt\/wp-content\/uploads\/2021\/01\/x8-1.png\",\"width\":3015,\"height\":753,\"caption\":\"Monkevi\u010dius\"},\"image\":{\"@id\":\"https:\/\/monkevicius.lt\/#\/schema\/logo\/image\/\"},\"sameAs\":[\"https:\/\/www.facebook.com\/monkevicius.lt\",\"https:\/\/www.linkedin.com\/in\/mmonkevicius\/\",\"https:\/\/www.youtube.com\/@coachmiroslavas\",\"https:\/\/www.instagram.com\/monkevicius\",\"https:\/\/monkevicius.substack.com\/\"]}]}<\/script>\n<!-- \/ Yoast SEO plugin. -->","yoast_head_json":{"title":"Paskyra - Monkevi\u010dius","robots":{"index":"index","follow":"follow","max-snippet":"max-snippet:-1","max-image-preview":"max-image-preview:large","max-video-preview":"max-video-preview:-1"},"canonical":"https:\/\/monkevicius.lt\/en\/paskyra\/","og_locale":"en_GB","og_type":"article","og_title":"Paskyra - Monkevi\u010dius","og_description":"Paskyra Skydelis U\u017esakymai Atsisiuntimai Adresai Mok\u0117jimo b\u016bdai Vartotojo informacija Atsijungti Sveiki, Siuzana! (J\u016bs ne Siuzana? Atsijunkite) Paskyroje galite per\u017ei\u016br\u0117ti savo u\u017esakymus, redaguoti savo registracijos adres\u0105 bei keisti slapta\u017eod\u012f ir kitus paskyros duomenis.","og_url":"https:\/\/monkevicius.lt\/en\/paskyra\/","og_site_name":"Monkevi\u010dius","article_publisher":"https:\/\/www.facebook.com\/monkevicius.lt","article_modified_time":"2026-01-07T19:51:51+00:00","og_image":[{"width":2475,"height":2475,"url":"https:\/\/monkevicius.lt\/wp-content\/uploads\/2024\/12\/Miroslavas-Monkevicius.webp","type":"image\/webp"}],"twitter_card":"summary_large_image","twitter_misc":{"Estimated reading time":"3 minutes"},"schema":{"@context":"https:\/\/schema.org","@graph":[{"@type":"WebPage","@id":"https:\/\/monkevicius.lt\/paskyra\/","url":"https:\/\/monkevicius.lt\/paskyra\/","name":"Paskyra - Monkevi\u010dius","isPartOf":{"@id":"https:\/\/monkevicius.lt\/#website"},"datePublished":"2024-10-27T13:57:43+00:00","dateModified":"2026-01-07T19:51:51+00:00","breadcrumb":{"@id":"https:\/\/monkevicius.lt\/paskyra\/#breadcrumb"},"inLanguage":"en-GB","potentialAction":[{"@type":"ReadAction","target":["https:\/\/monkevicius.lt\/paskyra\/"]}]},{"@type":"BreadcrumbList","@id":"https:\/\/monkevicius.lt\/paskyra\/#breadcrumb","itemListElement":[{"@type":"ListItem","position":1,"name":"Home","item":"https:\/\/monkevicius.lt\/"},{"@type":"ListItem","position":2,"name":"Paskyra"}]},{"@type":"WebSite","@id":"https:\/\/monkevicius.lt\/#website","url":"https:\/\/monkevicius.lt\/","name":"Miroslavas Monkevi\u010dius","description":"Sertifikuotas kou\u010dingo specialistas","publisher":{"@id":"https:\/\/monkevicius.lt\/#organization"},"potentialAction":[{"@type":"SearchAction","target":{"@type":"EntryPoint","urlTemplate":"https:\/\/monkevicius.lt\/?s={search_term_string}"},"query-input":{"@type":"PropertyValueSpecification","valueRequired":true,"valueName":"search_term_string"}}],"inLanguage":"en-GB"},{"@type":"Organization","@id":"https:\/\/monkevicius.lt\/#organization","name":"Monkevi\u010dius","url":"https:\/\/monkevicius.lt\/","logo":{"@type":"ImageObject","inLanguage":"en-GB","@id":"https:\/\/monkevicius.lt\/#\/schema\/logo\/image\/","url":"https:\/\/monkevicius.lt\/wp-content\/uploads\/2021\/01\/x8-1.png","contentUrl":"https:\/\/monkevicius.lt\/wp-content\/uploads\/2021\/01\/x8-1.png","width":3015,"height":753,"caption":"Monkevi\u010dius"},"image":{"@id":"https:\/\/monkevicius.lt\/#\/schema\/logo\/image\/"},"sameAs":["https:\/\/www.facebook.com\/monkevicius.lt","https:\/\/www.linkedin.com\/in\/mmonkevicius\/","https:\/\/www.youtube.com\/@coachmiroslavas","https:\/\/www.instagram.com\/monkevicius","https:\/\/monkevicius.substack.com\/"]}]}},"_links":{"self":[{"href":"https:\/\/monkevicius.lt\/en\/wp-json\/wp\/v2\/pages\/93208381","targetHints":{"allow":["GET"]}}],"collection":[{"href":"https:\/\/monkevicius.lt\/en\/wp-json\/wp\/v2\/pages"}],"about":[{"href":"https:\/\/monkevicius.lt\/en\/wp-json\/wp\/v2\/types\/page"}],"author":[{"embeddable":true,"href":"https:\/\/monkevicius.lt\/en\/wp-json\/wp\/v2\/users\/1"}],"replies":[{"embeddable":true,"href":"https:\/\/monkevicius.lt\/en\/wp-json\/wp\/v2\/comments?post=93208381"}],"version-history":[{"count":8,"href":"https:\/\/monkevicius.lt\/en\/wp-json\/wp\/v2\/pages\/93208381\/revisions"}],"predecessor-version":[{"id":93212602,"href":"https:\/\/monkevicius.lt\/en\/wp-json\/wp\/v2\/pages\/93208381\/revisions\/93212602"}],"wp:attachment":[{"href":"https:\/\/monkevicius.lt\/en\/wp-json\/wp\/v2\/media?parent=93208381"}],"curies":[{"name":"wp","href":"https:\/\/api.w.org\/{rel}","templated":true}]}}