{"id":93208382,"date":"2024-11-25T02:16:23","date_gmt":"2024-11-24T23:16:23","guid":{"rendered":"http:\/\/monkevicius.lt\/?page_id=93208382"},"modified":"2026-01-14T12:53:01","modified_gmt":"2026-01-14T09:53:01","slug":"grazinimo-taisykles","status":"publish","type":"page","link":"https:\/\/monkevicius.lt\/en\/grazinimo-taisykles\/","title":{"rendered":"Gr\u0105\u017einimo taisykl\u0117s"},"content":{"rendered":"<div data-elementor-type=\"wp-page\" data-elementor-id=\"93208382\" class=\"elementor elementor-93208382\" data-elementor-post-type=\"page\">\n\t\t\t\t\t\t<section class=\"elementor-section elementor-top-section elementor-element elementor-element-c0f7141 elementor-section-boxed elementor-section-height-default elementor-section-height-default\" data-id=\"c0f7141\" data-element_type=\"section\">\n\t\t\t\t\t\t<div class=\"elementor-container elementor-column-gap-default\">\n\t\t\t\t\t<div class=\"elementor-column elementor-col-50 elementor-top-column elementor-element elementor-element-b379539\" data-id=\"b379539\" data-element_type=\"column\">\n\t\t\t<div class=\"elementor-widget-wrap elementor-element-populated\">\n\t\t\t\t\t\t<div class=\"elementor-element elementor-element-e43fab2 elementor-widget elementor-widget-text-editor\" data-id=\"e43fab2\" data-element_type=\"widget\" data-widget_type=\"text-editor.default\">\n\t\t\t\t\t\t\t\t\t<h1>Gr\u0105\u017einimo taisykl\u0117s<\/h1>\t\t\t\t\t\t\t\t<\/div>\n\t\t\t\t\t<\/div>\n\t\t<\/div>\n\t\t\t\t<div class=\"elementor-column elementor-col-50 elementor-top-column elementor-element elementor-element-0ecd12b\" data-id=\"0ecd12b\" data-element_type=\"column\">\n\t\t\t<div class=\"elementor-widget-wrap\">\n\t\t\t\t\t\t\t<\/div>\n\t\t<\/div>\n\t\t\t\t\t<\/div>\n\t\t<\/section>\n\t\t\t\t<section class=\"elementor-section elementor-top-section elementor-element elementor-element-976b3f2 elementor-section-boxed elementor-section-height-default elementor-section-height-default\" data-id=\"976b3f2\" data-element_type=\"section\">\n\t\t\t\t\t\t<div class=\"elementor-container elementor-column-gap-default\">\n\t\t\t\t\t<div class=\"elementor-column elementor-col-100 elementor-top-column elementor-element elementor-element-ae489c6\" data-id=\"ae489c6\" data-element_type=\"column\">\n\t\t\t<div class=\"elementor-widget-wrap elementor-element-populated\">\n\t\t\t\t\t\t<div class=\"elementor-element elementor-element-b0e3022 elementor-widget elementor-widget-text-editor\" data-id=\"b0e3022\" data-element_type=\"widget\" data-widget_type=\"text-editor.default\">\n\t\t\t\t\t\t\t\t\t<p><b>Pristatymo taisykl\u0117s:<\/b><\/p><ol><li style=\"font-weight: 400;\" aria-level=\"1\"><span style=\"font-weight: 400;\">Pristatymas vykdomas tik Lietuvoje, naudojant pa\u0161tomatus.<\/span><\/li><li style=\"font-weight: 400;\" aria-level=\"1\"><span style=\"font-weight: 400;\">U\u017esakymo pristatymo kaina nurodoma pirkimo metu ir gali kisti, priklausomai nuo pasirinkto pa\u0161tomato, produkto dyd\u017eio ir svorio.<\/span><\/li><li style=\"font-weight: 400;\" aria-level=\"1\"><span style=\"font-weight: 400;\">U\u017esakymai, pateikti darbo dienomis iki 14:00, bus i\u0161si\u0173sti t\u0105 pa\u010di\u0105 dien\u0105. U\u017esakymai, pateikti po 14:00, savaitgaliais ar \u0161ven\u010di\u0173 dienomis, bus i\u0161si\u0173sti kit\u0105 darbo dien\u0105.<\/span><\/li><li style=\"font-weight: 400;\" aria-level=\"1\"><span style=\"font-weight: 400;\">Pristatymo laikotarpis yra 1\u20133 darbo dienos nuo u\u017esakymo i\u0161siuntimo.<\/span><\/li><li style=\"font-weight: 400;\" aria-level=\"1\"><span style=\"font-weight: 400;\">Skaitmenini\u0173 produkt\u0173 atsisiuntimo nuorodos bus pateikiamos elektroniniu pa\u0161tu ir taip pat bus pasiekiamos \/paskyra\/ puslapyje, prisijungus prie savo paskyros.<\/span><\/li><\/ol><p><b><br \/>Gr\u0105\u017einimo taisykl\u0117s:<\/b><\/p><ol><li style=\"font-weight: 400;\" aria-level=\"1\"><span style=\"font-weight: 400;\">Fizinio produkto gr\u0105\u017einimas galimas per 14 kalendorini\u0173 dien\u0173 nuo produkto gavimo, jei jis n\u0117ra pa\u017eeistas ir nepa\u017eeista prek\u0117s pakuot\u0117.<\/span><\/li><li style=\"font-weight: 400;\" aria-level=\"1\"><span style=\"font-weight: 400;\">Produkt\u0105 reikia gr\u0105\u017einti \u012f pa\u0161tomat\u0105, kuriuo jis buvo gautas, naudojantis to paties siunt\u0117jo paslaugomis.<\/span><\/li><li style=\"font-weight: 400;\" aria-level=\"1\"><span style=\"font-weight: 400;\">Pirk\u0117jas privalo informuoti elektronin\u0117s parduotuv\u0117s administracij\u0105 apie nor\u0105 gr\u0105\u017einti produkt\u0105 el. pa\u0161tu <\/span><a href=\"mailto:info@monkevicius.lt\"><b>info@monkevicius.lt<\/b><\/a><span style=\"font-weight: 400;\">,<\/span><span style=\"font-weight: 400;\"> nurodydamas u\u017esakymo numer\u012f ir gr\u0105\u017einimo prie\u017east\u012f.<\/span><\/li><li style=\"font-weight: 400;\" aria-level=\"1\"><span style=\"font-weight: 400;\">Pirk\u0117jas atsako u\u017e gr\u0105\u017einimo i\u0161laidas.<\/span><\/li><li style=\"font-weight: 400;\" aria-level=\"1\"><span style=\"font-weight: 400;\">Gavus ir patikrinus prek\u0119, pinigai bus gr\u0105\u017einti ne v\u0117liau kaip per 14 dien\u0173.<\/span><\/li><\/ol><p><b><br \/>Svarbu<\/b><span style=\"font-weight: 400;\">: jeigu gr\u0105\u017einate nekokybi\u0161kas prekes (pvz., knyg\u0105 su pa\u017eeistu vir\u0161eliu), siuntimo i\u0161laidas padengsime mes. Jei gr\u0105\u017einate kokybi\u0161kas prekes j\u0173 originalioje pakuot\u0117je, siuntos i\u0161laidas apmoka pirk\u0117jas. Kaip numato Europos S\u0105jungos el. prekyb\u0105 reglamentuojantys \u012fstatymai, gav\u0119 gr\u0105\u017einamas prekes, per ne v\u0117liau kaip 14 dien\u0173 gr\u0105\u017einsime Jums pinigus \u012f nurodyt\u0105 s\u0105skait\u0105 arba pakeisime prek\u0119 kita. Tuo atveju, jei J\u016bs\u0173 siuntai buvo taikomas transportavimo mokestis, preki\u0173 pristatymo i\u0161laidos nebus gr\u0105\u017eintos.<\/span><\/p><p><b>Skaitmenini\u0173 produkt\u0173 gr\u0105\u017einimas:<\/b><\/p><ol><li style=\"font-weight: 400;\" aria-level=\"1\"><span style=\"font-weight: 400;\">Skaitmenini\u0173 produkt\u0173 gr\u0105\u017einimas negalimas, nes tai yra neap\u010diuopiami objektai.<\/span><\/li><li style=\"font-weight: 400;\" aria-level=\"1\"><span style=\"font-weight: 400;\">Jei klientui kyla problem\u0173 su skaitmeniniu produktu, pra\u0161ome kreiptis \u012f elektronin\u0117s parduotuv\u0117s administracij\u0105 el. pa\u0161tu\u00a0<\/span><a href=\"mailto:info@monkevicius.lt\"><b>info@monkevicius.lt<\/b><\/a><\/li><\/ol><p><b><br \/>Kontaktai:<br \/><\/b><span style=\"font-weight: 400;\">\u012emon\u0117: GLOBAL PRAXIS LAB, UAB<\/span><span style=\"font-weight: 400;\"><br \/><\/span><span style=\"font-weight: 400;\">\u012emon\u0117s kodas:<\/span><span style=\"font-weight: 400;\"> 302779959<\/span><span style=\"font-weight: 400;\"><br \/><\/span><span style=\"font-weight: 400;\">Registracijos adresas: <\/span><span style=\"font-weight: 400;\">Kauno g. 1A-415B, LT01314, Vilnius<\/span><span style=\"font-weight: 400;\"><br \/><\/span><span style=\"font-weight: 400;\">El. pa\u0161tas:\u00a0<\/span><a href=\"mailto:info@monkevicius.lt\"><b>info@monkevicius.lt<\/b><\/a><\/p>\t\t\t\t\t\t\t\t<\/div>\n\t\t\t\t\t<\/div>\n\t\t<\/div>\n\t\t\t\t\t<\/div>\n\t\t<\/section>\n\t\t\t\t<\/div>","protected":false},"excerpt":{"rendered":"<p>Gr\u0105\u017einimo taisykl\u0117s Pristatymo taisykl\u0117s: Pristatymas vykdomas tik Lietuvoje, naudojant pa\u0161tomatus. U\u017esakymo pristatymo kaina nurodoma pirkimo metu ir gali kisti, priklausomai nuo pasirinkto pa\u0161tomato, produkto dyd\u017eio ir svorio. U\u017esakymai, pateikti darbo dienomis iki 14:00, bus i\u0161si\u0173sti t\u0105 pa\u010di\u0105 dien\u0105. U\u017esakymai, pateikti po 14:00, savaitgaliais ar \u0161ven\u010di\u0173 dienomis, bus i\u0161si\u0173sti kit\u0105 darbo dien\u0105. Pristatymo laikotarpis yra 1\u20133 [&hellip;]<\/p>\n","protected":false},"author":1,"featured_media":0,"parent":0,"menu_order":0,"comment_status":"closed","ping_status":"closed","template":"","meta":{"footnotes":""},"class_list":["post-93208382","page","type-page","status-publish","hentry"],"yoast_head":"<!-- This site is optimized with the Yoast SEO plugin v26.9 - https:\/\/yoast.com\/product\/yoast-seo-wordpress\/ -->\n<title>Gr\u0105\u017einimo taisykl\u0117s - Monkevi\u010dius<\/title>\n<meta name=\"robots\" content=\"index, follow, max-snippet:-1, max-image-preview:large, max-video-preview:-1\" \/>\n<link rel=\"canonical\" href=\"https:\/\/monkevicius.lt\/en\/grazinimo-taisykles\/\" \/>\n<meta property=\"og:locale\" content=\"en_GB\" \/>\n<meta property=\"og:type\" content=\"article\" \/>\n<meta property=\"og:title\" content=\"Gr\u0105\u017einimo taisykl\u0117s - Monkevi\u010dius\" \/>\n<meta property=\"og:description\" content=\"Gr\u0105\u017einimo taisykl\u0117s Pristatymo taisykl\u0117s: Pristatymas vykdomas tik Lietuvoje, naudojant pa\u0161tomatus. U\u017esakymo pristatymo kaina nurodoma pirkimo metu ir gali kisti, priklausomai nuo pasirinkto pa\u0161tomato, produkto dyd\u017eio ir svorio. U\u017esakymai, pateikti darbo dienomis iki 14:00, bus i\u0161si\u0173sti t\u0105 pa\u010di\u0105 dien\u0105. U\u017esakymai, pateikti po 14:00, savaitgaliais ar \u0161ven\u010di\u0173 dienomis, bus i\u0161si\u0173sti kit\u0105 darbo dien\u0105. Pristatymo laikotarpis yra 1\u20133 [&hellip;]\" \/>\n<meta property=\"og:url\" content=\"https:\/\/monkevicius.lt\/en\/grazinimo-taisykles\/\" \/>\n<meta property=\"og:site_name\" content=\"Monkevi\u010dius\" \/>\n<meta property=\"article:publisher\" content=\"https:\/\/www.facebook.com\/monkevicius.lt\" \/>\n<meta property=\"article:modified_time\" content=\"2026-01-14T09:53:01+00:00\" \/>\n<meta property=\"og:image\" content=\"https:\/\/monkevicius.lt\/wp-content\/uploads\/2024\/12\/Miroslavas-Monkevicius.webp\" \/>\n\t<meta property=\"og:image:width\" content=\"2475\" \/>\n\t<meta property=\"og:image:height\" content=\"2475\" \/>\n\t<meta property=\"og:image:type\" content=\"image\/webp\" \/>\n<meta name=\"twitter:card\" content=\"summary_large_image\" \/>\n<meta name=\"twitter:label1\" content=\"Estimated reading time\" \/>\n\t<meta name=\"twitter:data1\" content=\"2 minutes\" \/>\n<script type=\"application\/ld+json\" class=\"yoast-schema-graph\">{\"@context\":\"https:\/\/schema.org\",\"@graph\":[{\"@type\":\"WebPage\",\"@id\":\"https:\/\/monkevicius.lt\/grazinimo-taisykles\/\",\"url\":\"https:\/\/monkevicius.lt\/grazinimo-taisykles\/\",\"name\":\"Gr\u0105\u017einimo taisykl\u0117s - Monkevi\u010dius\",\"isPartOf\":{\"@id\":\"https:\/\/monkevicius.lt\/#website\"},\"datePublished\":\"2024-11-24T23:16:23+00:00\",\"dateModified\":\"2026-01-14T09:53:01+00:00\",\"breadcrumb\":{\"@id\":\"https:\/\/monkevicius.lt\/grazinimo-taisykles\/#breadcrumb\"},\"inLanguage\":\"en-GB\",\"potentialAction\":[{\"@type\":\"ReadAction\",\"target\":[\"https:\/\/monkevicius.lt\/grazinimo-taisykles\/\"]}]},{\"@type\":\"BreadcrumbList\",\"@id\":\"https:\/\/monkevicius.lt\/grazinimo-taisykles\/#breadcrumb\",\"itemListElement\":[{\"@type\":\"ListItem\",\"position\":1,\"name\":\"Home\",\"item\":\"https:\/\/monkevicius.lt\/\"},{\"@type\":\"ListItem\",\"position\":2,\"name\":\"Gr\u0105\u017einimo taisykl\u0117s\"}]},{\"@type\":\"WebSite\",\"@id\":\"https:\/\/monkevicius.lt\/#website\",\"url\":\"https:\/\/monkevicius.lt\/\",\"name\":\"Miroslavas Monkevi\u010dius\",\"description\":\"Sertifikuotas kou\u010dingo specialistas\",\"publisher\":{\"@id\":\"https:\/\/monkevicius.lt\/#organization\"},\"potentialAction\":[{\"@type\":\"SearchAction\",\"target\":{\"@type\":\"EntryPoint\",\"urlTemplate\":\"https:\/\/monkevicius.lt\/?s={search_term_string}\"},\"query-input\":{\"@type\":\"PropertyValueSpecification\",\"valueRequired\":true,\"valueName\":\"search_term_string\"}}],\"inLanguage\":\"en-GB\"},{\"@type\":\"Organization\",\"@id\":\"https:\/\/monkevicius.lt\/#organization\",\"name\":\"Monkevi\u010dius\",\"url\":\"https:\/\/monkevicius.lt\/\",\"logo\":{\"@type\":\"ImageObject\",\"inLanguage\":\"en-GB\",\"@id\":\"https:\/\/monkevicius.lt\/#\/schema\/logo\/image\/\",\"url\":\"https:\/\/monkevicius.lt\/wp-content\/uploads\/2021\/01\/x8-1.png\",\"contentUrl\":\"https:\/\/monkevicius.lt\/wp-content\/uploads\/2021\/01\/x8-1.png\",\"width\":3015,\"height\":753,\"caption\":\"Monkevi\u010dius\"},\"image\":{\"@id\":\"https:\/\/monkevicius.lt\/#\/schema\/logo\/image\/\"},\"sameAs\":[\"https:\/\/www.facebook.com\/monkevicius.lt\",\"https:\/\/www.linkedin.com\/in\/mmonkevicius\/\",\"https:\/\/www.youtube.com\/@coachmiroslavas\",\"https:\/\/www.instagram.com\/monkevicius\",\"https:\/\/monkevicius.substack.com\/\"]}]}<\/script>\n<!-- \/ Yoast SEO plugin. -->","yoast_head_json":{"title":"Gr\u0105\u017einimo taisykl\u0117s - Monkevi\u010dius","robots":{"index":"index","follow":"follow","max-snippet":"max-snippet:-1","max-image-preview":"max-image-preview:large","max-video-preview":"max-video-preview:-1"},"canonical":"https:\/\/monkevicius.lt\/en\/grazinimo-taisykles\/","og_locale":"en_GB","og_type":"article","og_title":"Gr\u0105\u017einimo taisykl\u0117s - Monkevi\u010dius","og_description":"Gr\u0105\u017einimo taisykl\u0117s Pristatymo taisykl\u0117s: Pristatymas vykdomas tik Lietuvoje, naudojant pa\u0161tomatus. U\u017esakymo pristatymo kaina nurodoma pirkimo metu ir gali kisti, priklausomai nuo pasirinkto pa\u0161tomato, produkto dyd\u017eio ir svorio. U\u017esakymai, pateikti darbo dienomis iki 14:00, bus i\u0161si\u0173sti t\u0105 pa\u010di\u0105 dien\u0105. U\u017esakymai, pateikti po 14:00, savaitgaliais ar \u0161ven\u010di\u0173 dienomis, bus i\u0161si\u0173sti kit\u0105 darbo dien\u0105. Pristatymo laikotarpis yra 1\u20133 [&hellip;]","og_url":"https:\/\/monkevicius.lt\/en\/grazinimo-taisykles\/","og_site_name":"Monkevi\u010dius","article_publisher":"https:\/\/www.facebook.com\/monkevicius.lt","article_modified_time":"2026-01-14T09:53:01+00:00","og_image":[{"width":2475,"height":2475,"url":"https:\/\/monkevicius.lt\/wp-content\/uploads\/2024\/12\/Miroslavas-Monkevicius.webp","type":"image\/webp"}],"twitter_card":"summary_large_image","twitter_misc":{"Estimated reading time":"2 minutes"},"schema":{"@context":"https:\/\/schema.org","@graph":[{"@type":"WebPage","@id":"https:\/\/monkevicius.lt\/grazinimo-taisykles\/","url":"https:\/\/monkevicius.lt\/grazinimo-taisykles\/","name":"Gr\u0105\u017einimo taisykl\u0117s - Monkevi\u010dius","isPartOf":{"@id":"https:\/\/monkevicius.lt\/#website"},"datePublished":"2024-11-24T23:16:23+00:00","dateModified":"2026-01-14T09:53:01+00:00","breadcrumb":{"@id":"https:\/\/monkevicius.lt\/grazinimo-taisykles\/#breadcrumb"},"inLanguage":"en-GB","potentialAction":[{"@type":"ReadAction","target":["https:\/\/monkevicius.lt\/grazinimo-taisykles\/"]}]},{"@type":"BreadcrumbList","@id":"https:\/\/monkevicius.lt\/grazinimo-taisykles\/#breadcrumb","itemListElement":[{"@type":"ListItem","position":1,"name":"Home","item":"https:\/\/monkevicius.lt\/"},{"@type":"ListItem","position":2,"name":"Gr\u0105\u017einimo taisykl\u0117s"}]},{"@type":"WebSite","@id":"https:\/\/monkevicius.lt\/#website","url":"https:\/\/monkevicius.lt\/","name":"Miroslavas Monkevi\u010dius","description":"Sertifikuotas kou\u010dingo specialistas","publisher":{"@id":"https:\/\/monkevicius.lt\/#organization"},"potentialAction":[{"@type":"SearchAction","target":{"@type":"EntryPoint","urlTemplate":"https:\/\/monkevicius.lt\/?s={search_term_string}"},"query-input":{"@type":"PropertyValueSpecification","valueRequired":true,"valueName":"search_term_string"}}],"inLanguage":"en-GB"},{"@type":"Organization","@id":"https:\/\/monkevicius.lt\/#organization","name":"Monkevi\u010dius","url":"https:\/\/monkevicius.lt\/","logo":{"@type":"ImageObject","inLanguage":"en-GB","@id":"https:\/\/monkevicius.lt\/#\/schema\/logo\/image\/","url":"https:\/\/monkevicius.lt\/wp-content\/uploads\/2021\/01\/x8-1.png","contentUrl":"https:\/\/monkevicius.lt\/wp-content\/uploads\/2021\/01\/x8-1.png","width":3015,"height":753,"caption":"Monkevi\u010dius"},"image":{"@id":"https:\/\/monkevicius.lt\/#\/schema\/logo\/image\/"},"sameAs":["https:\/\/www.facebook.com\/monkevicius.lt","https:\/\/www.linkedin.com\/in\/mmonkevicius\/","https:\/\/www.youtube.com\/@coachmiroslavas","https:\/\/www.instagram.com\/monkevicius","https:\/\/monkevicius.substack.com\/"]}]}},"_links":{"self":[{"href":"https:\/\/monkevicius.lt\/en\/wp-json\/wp\/v2\/pages\/93208382","targetHints":{"allow":["GET"]}}],"collection":[{"href":"https:\/\/monkevicius.lt\/en\/wp-json\/wp\/v2\/pages"}],"about":[{"href":"https:\/\/monkevicius.lt\/en\/wp-json\/wp\/v2\/types\/page"}],"author":[{"embeddable":true,"href":"https:\/\/monkevicius.lt\/en\/wp-json\/wp\/v2\/users\/1"}],"replies":[{"embeddable":true,"href":"https:\/\/monkevicius.lt\/en\/wp-json\/wp\/v2\/comments?post=93208382"}],"version-history":[{"count":3,"href":"https:\/\/monkevicius.lt\/en\/wp-json\/wp\/v2\/pages\/93208382\/revisions"}],"predecessor-version":[{"id":93212705,"href":"https:\/\/monkevicius.lt\/en\/wp-json\/wp\/v2\/pages\/93208382\/revisions\/93212705"}],"wp:attachment":[{"href":"https:\/\/monkevicius.lt\/en\/wp-json\/wp\/v2\/media?parent=93208382"}],"curies":[{"name":"wp","href":"https:\/\/api.w.org\/{rel}","templated":true}]}}