{"id":93209666,"date":"2024-11-18T12:58:06","date_gmt":"2024-11-18T09:58:06","guid":{"rendered":"http:\/\/monkevicius.lt\/?post_type=product&#038;p=93209666"},"modified":"2026-01-12T16:22:22","modified_gmt":"2026-01-12T13:22:22","slug":"asmeniniu-tikslu-kelimo-pratybos-pradinis-paketas","status":"publish","type":"product","link":"https:\/\/monkevicius.lt\/en\/product\/asmeniniu-tikslu-kelimo-pratybos-pradinis-paketas\/","title":{"rendered":"Asmenini\u0173 tiksl\u0173 k\u0117limo kursas"},"content":{"rendered":"","protected":false},"excerpt":{"rendered":"<p style=\"margin-bottom: 5px;\"><strong>Kam skirta \u0161i programa?<\/strong><\/p>\n<p>\u0160i programa skirta \u017emon\u0117ms, kurie nori ai\u0161kiai apibr\u0117\u017eti savo gyvenimo vizij\u0105 ir pasiekti prasmingus tikslus, nesvarbu, ar jie siekia karjeros, ar asmeninio augimo. Tai puikus sprendimas tiems, kurie nori:<\/p>\n<ul style=\"margin-top: 0;\">\n<li>Atrasti ai\u0161ki\u0105 gyvenimo krypt\u012f ir prasm\u0119.<\/li>\n<li>Subalansuoti svarbiausias gyvenimo sritis, \u012fskaitant sveikat\u0105, santykius, savirealizacij\u0105 ir finansin\u012f stabilum\u0105.<\/li>\n<li>Nustatyti realius, prasmingus tikslus, atitinkan\u010dius j\u0173 vertybes.<\/li>\n<li>Kurti veiksming\u0105 plan\u0105, kuris pad\u0117t\u0173 pasiekti ilgalaikius ir trumpalaikius tikslus.<\/li>\n<\/ul>\n<p>&nbsp;<\/p>\n<p style=\"margin-bottom: 5px;\"><strong>K\u0105 gausite u\u017esisak\u0119 Pradin\u012f paket\u0105?<\/strong><\/p>\n<ul style=\"margin-top: 0;\">\n<li><strong>Asmenini\u0173 tiksl\u0173 k\u0117limo pratybas PDF formatu<\/strong> \u2013 ai\u0161kias gaires, vertingas \u012f\u017evalgas, svarbius pagrindus ir kryptingas u\u017eduotis, pad\u0117sian\u010dias i\u0161sikelti tikslus ir j\u0173 sistemingai siekti.<\/li>\n<li><strong>Lydin\u010dius ir instruktuojan\u010dius vaizdo \u012fra\u0161us, skirtus kiekvienai pratyb\u0173 daliai. <\/strong>Jie ne tik \u012fkvepia ir suteikia dar daugiau ai\u0161kumo, bet ir padeda prakti\u0161kai pritaikyti \u017einias ir dar labiau \u00a0\u012fsigilinti \u012f pratyb\u0173 esm\u0119.<\/li>\n<\/ul>\n<p>&nbsp;<\/p>\n<p><span style=\"color: #ff0000;\">* Prieiga prie platformos 6 m\u0117nesi\u0173 laikotarpiui.<\/span><\/p>","protected":false},"featured_media":93210248,"template":"","meta":[],"product_brand":[],"product_cat":[27],"product_tag":[],"class_list":{"0":"post-93209666","1":"product","2":"type-product","3":"status-publish","4":"has-post-thumbnail","6":"product_cat-asmeniniu-tikslu-kelimo-kursas","8":"first","9":"instock","10":"virtual","11":"taxable","12":"purchasable","13":"product-type-simple"},"yoast_head":"<!-- This site is optimized with the Yoast SEO plugin v26.9 - https:\/\/yoast.com\/product\/yoast-seo-wordpress\/ -->\n<title>Asmenini\u0173 tiksl\u0173 k\u0117limo kursas - Monkevi\u010dius<\/title>\n<meta name=\"robots\" content=\"index, follow, max-snippet:-1, max-image-preview:large, max-video-preview:-1\" \/>\n<link rel=\"canonical\" href=\"https:\/\/monkevicius.lt\/en\/product\/asmeniniu-tikslu-kelimo-pratybos-pradinis-paketas\/\" \/>\n<meta property=\"og:locale\" content=\"en_GB\" \/>\n<meta property=\"og:type\" content=\"article\" \/>\n<meta property=\"og:title\" content=\"Asmenini\u0173 tiksl\u0173 k\u0117limo kursas - Monkevi\u010dius\" \/>\n<meta property=\"og:description\" content=\"Kam skirta \u0161i programa? \u0160i programa skirta \u017emon\u0117ms, kurie nori ai\u0161kiai apibr\u0117\u017eti savo gyvenimo vizij\u0105 ir pasiekti prasmingus tikslus, nesvarbu, ar jie siekia karjeros, ar asmeninio augimo. Tai puikus sprendimas tiems, kurie nori:   Atrasti ai\u0161ki\u0105 gyvenimo krypt\u012f ir prasm\u0119.  Subalansuoti svarbiausias gyvenimo sritis, \u012fskaitant sveikat\u0105, santykius, savirealizacij\u0105 ir finansin\u012f stabilum\u0105.  Nustatyti realius, prasmingus tikslus, atitinkan\u010dius j\u0173 vertybes.  Kurti veiksming\u0105 plan\u0105, kuris pad\u0117t\u0173 pasiekti ilgalaikius ir trumpalaikius tikslus.  &nbsp; K\u0105 gausite u\u017esisak\u0119 Pradin\u012f paket\u0105?    Asmenini\u0173 tiksl\u0173 k\u0117limo pratybas PDF formatu \u2013 ai\u0161kias gaires, vertingas \u012f\u017evalgas, svarbius pagrindus ir kryptingas u\u017eduotis, pad\u0117sian\u010dias i\u0161sikelti tikslus ir j\u0173 sistemingai siekti.  Lydin\u010dius ir instruktuojan\u010dius vaizdo \u012fra\u0161us, skirtus kiekvienai pratyb\u0173 daliai. Jie ne tik \u012fkvepia ir suteikia dar daugiau ai\u0161kumo, bet ir padeda prakti\u0161kai pritaikyti \u017einias ir dar labiau \u00a0\u012fsigilinti \u012f pratyb\u0173 esm\u0119.  &nbsp;  * Prieiga prie platformos 6 m\u0117nesi\u0173 laikotarpiui.\" \/>\n<meta property=\"og:url\" content=\"https:\/\/monkevicius.lt\/en\/product\/asmeniniu-tikslu-kelimo-pratybos-pradinis-paketas\/\" \/>\n<meta property=\"og:site_name\" content=\"Monkevi\u010dius\" \/>\n<meta property=\"article:publisher\" content=\"https:\/\/www.facebook.com\/monkevicius.lt\" \/>\n<meta property=\"article:modified_time\" content=\"2026-01-12T13:22:22+00:00\" \/>\n<meta property=\"og:image\" content=\"https:\/\/monkevicius.lt\/wp-content\/uploads\/2024\/11\/2-1-1.webp\" \/>\n\t<meta property=\"og:image:width\" content=\"1080\" \/>\n\t<meta property=\"og:image:height\" content=\"1080\" \/>\n\t<meta property=\"og:image:type\" content=\"image\/webp\" \/>\n<meta name=\"twitter:card\" content=\"summary_large_image\" \/>\n<meta name=\"twitter:label1\" content=\"Estimated reading time\" \/>\n\t<meta name=\"twitter:data1\" content=\"1 minute\" \/>\n<script type=\"application\/ld+json\" class=\"yoast-schema-graph\">{\"@context\":\"https:\/\/schema.org\",\"@graph\":[{\"@type\":\"WebPage\",\"@id\":\"https:\/\/monkevicius.lt\/produktas\/asmeniniu-tikslu-kelimo-pratybos-pradinis-paketas\/\",\"url\":\"https:\/\/monkevicius.lt\/produktas\/asmeniniu-tikslu-kelimo-pratybos-pradinis-paketas\/\",\"name\":\"Asmenini\u0173 tiksl\u0173 k\u0117limo kursas - Monkevi\u010dius\",\"isPartOf\":{\"@id\":\"https:\/\/monkevicius.lt\/#website\"},\"primaryImageOfPage\":{\"@id\":\"https:\/\/monkevicius.lt\/produktas\/asmeniniu-tikslu-kelimo-pratybos-pradinis-paketas\/#primaryimage\"},\"image\":{\"@id\":\"https:\/\/monkevicius.lt\/produktas\/asmeniniu-tikslu-kelimo-pratybos-pradinis-paketas\/#primaryimage\"},\"thumbnailUrl\":\"https:\/\/monkevicius.lt\/wp-content\/uploads\/2024\/11\/2-1-1.webp\",\"datePublished\":\"2024-11-18T09:58:06+00:00\",\"dateModified\":\"2026-01-12T13:22:22+00:00\",\"breadcrumb\":{\"@id\":\"https:\/\/monkevicius.lt\/produktas\/asmeniniu-tikslu-kelimo-pratybos-pradinis-paketas\/#breadcrumb\"},\"inLanguage\":\"en-GB\",\"potentialAction\":[{\"@type\":\"ReadAction\",\"target\":[\"https:\/\/monkevicius.lt\/produktas\/asmeniniu-tikslu-kelimo-pratybos-pradinis-paketas\/\"]}]},{\"@type\":\"ImageObject\",\"inLanguage\":\"en-GB\",\"@id\":\"https:\/\/monkevicius.lt\/produktas\/asmeniniu-tikslu-kelimo-pratybos-pradinis-paketas\/#primaryimage\",\"url\":\"https:\/\/monkevicius.lt\/wp-content\/uploads\/2024\/11\/2-1-1.webp\",\"contentUrl\":\"https:\/\/monkevicius.lt\/wp-content\/uploads\/2024\/11\/2-1-1.webp\",\"width\":1080,\"height\":1080},{\"@type\":\"BreadcrumbList\",\"@id\":\"https:\/\/monkevicius.lt\/produktas\/asmeniniu-tikslu-kelimo-pratybos-pradinis-paketas\/#breadcrumb\",\"itemListElement\":[{\"@type\":\"ListItem\",\"position\":1,\"name\":\"Home\",\"item\":\"https:\/\/monkevicius.lt\/\"},{\"@type\":\"ListItem\",\"position\":2,\"name\":\"Parduotuv\u0117\",\"item\":\"https:\/\/monkevicius.lt\/parduotuve\/\"},{\"@type\":\"ListItem\",\"position\":3,\"name\":\"Asmenini\u0173 tiksl\u0173 k\u0117limo kursas\"}]},{\"@type\":\"WebSite\",\"@id\":\"https:\/\/monkevicius.lt\/#website\",\"url\":\"https:\/\/monkevicius.lt\/\",\"name\":\"Miroslavas Monkevi\u010dius\",\"description\":\"Sertifikuotas kou\u010dingo specialistas\",\"publisher\":{\"@id\":\"https:\/\/monkevicius.lt\/#organization\"},\"potentialAction\":[{\"@type\":\"SearchAction\",\"target\":{\"@type\":\"EntryPoint\",\"urlTemplate\":\"https:\/\/monkevicius.lt\/?s={search_term_string}\"},\"query-input\":{\"@type\":\"PropertyValueSpecification\",\"valueRequired\":true,\"valueName\":\"search_term_string\"}}],\"inLanguage\":\"en-GB\"},{\"@type\":\"Organization\",\"@id\":\"https:\/\/monkevicius.lt\/#organization\",\"name\":\"Monkevi\u010dius\",\"url\":\"https:\/\/monkevicius.lt\/\",\"logo\":{\"@type\":\"ImageObject\",\"inLanguage\":\"en-GB\",\"@id\":\"https:\/\/monkevicius.lt\/#\/schema\/logo\/image\/\",\"url\":\"https:\/\/monkevicius.lt\/wp-content\/uploads\/2021\/01\/x8-1.png\",\"contentUrl\":\"https:\/\/monkevicius.lt\/wp-content\/uploads\/2021\/01\/x8-1.png\",\"width\":3015,\"height\":753,\"caption\":\"Monkevi\u010dius\"},\"image\":{\"@id\":\"https:\/\/monkevicius.lt\/#\/schema\/logo\/image\/\"},\"sameAs\":[\"https:\/\/www.facebook.com\/monkevicius.lt\",\"https:\/\/www.linkedin.com\/in\/mmonkevicius\/\",\"https:\/\/www.youtube.com\/@coachmiroslavas\",\"https:\/\/www.instagram.com\/monkevicius\",\"https:\/\/monkevicius.substack.com\/\"]}]}<\/script>\n<!-- \/ Yoast SEO plugin. -->","yoast_head_json":{"title":"Asmenini\u0173 tiksl\u0173 k\u0117limo kursas - Monkevi\u010dius","robots":{"index":"index","follow":"follow","max-snippet":"max-snippet:-1","max-image-preview":"max-image-preview:large","max-video-preview":"max-video-preview:-1"},"canonical":"https:\/\/monkevicius.lt\/en\/product\/asmeniniu-tikslu-kelimo-pratybos-pradinis-paketas\/","og_locale":"en_GB","og_type":"article","og_title":"Asmenini\u0173 tiksl\u0173 k\u0117limo kursas - Monkevi\u010dius","og_description":"Kam skirta \u0161i programa? \u0160i programa skirta \u017emon\u0117ms, kurie nori ai\u0161kiai apibr\u0117\u017eti savo gyvenimo vizij\u0105 ir pasiekti prasmingus tikslus, nesvarbu, ar jie siekia karjeros, ar asmeninio augimo. Tai puikus sprendimas tiems, kurie nori:   Atrasti ai\u0161ki\u0105 gyvenimo krypt\u012f ir prasm\u0119.  Subalansuoti svarbiausias gyvenimo sritis, \u012fskaitant sveikat\u0105, santykius, savirealizacij\u0105 ir finansin\u012f stabilum\u0105.  Nustatyti realius, prasmingus tikslus, atitinkan\u010dius j\u0173 vertybes.  Kurti veiksming\u0105 plan\u0105, kuris pad\u0117t\u0173 pasiekti ilgalaikius ir trumpalaikius tikslus.  &nbsp; K\u0105 gausite u\u017esisak\u0119 Pradin\u012f paket\u0105?    Asmenini\u0173 tiksl\u0173 k\u0117limo pratybas PDF formatu \u2013 ai\u0161kias gaires, vertingas \u012f\u017evalgas, svarbius pagrindus ir kryptingas u\u017eduotis, pad\u0117sian\u010dias i\u0161sikelti tikslus ir j\u0173 sistemingai siekti.  Lydin\u010dius ir instruktuojan\u010dius vaizdo \u012fra\u0161us, skirtus kiekvienai pratyb\u0173 daliai. Jie ne tik \u012fkvepia ir suteikia dar daugiau ai\u0161kumo, bet ir padeda prakti\u0161kai pritaikyti \u017einias ir dar labiau \u00a0\u012fsigilinti \u012f pratyb\u0173 esm\u0119.  &nbsp;  * Prieiga prie platformos 6 m\u0117nesi\u0173 laikotarpiui.","og_url":"https:\/\/monkevicius.lt\/en\/product\/asmeniniu-tikslu-kelimo-pratybos-pradinis-paketas\/","og_site_name":"Monkevi\u010dius","article_publisher":"https:\/\/www.facebook.com\/monkevicius.lt","article_modified_time":"2026-01-12T13:22:22+00:00","og_image":[{"width":1080,"height":1080,"url":"https:\/\/monkevicius.lt\/wp-content\/uploads\/2024\/11\/2-1-1.webp","type":"image\/webp"}],"twitter_card":"summary_large_image","twitter_misc":{"Estimated reading time":"1 minute"},"schema":{"@context":"https:\/\/schema.org","@graph":[{"@type":"WebPage","@id":"https:\/\/monkevicius.lt\/produktas\/asmeniniu-tikslu-kelimo-pratybos-pradinis-paketas\/","url":"https:\/\/monkevicius.lt\/produktas\/asmeniniu-tikslu-kelimo-pratybos-pradinis-paketas\/","name":"Asmenini\u0173 tiksl\u0173 k\u0117limo kursas - Monkevi\u010dius","isPartOf":{"@id":"https:\/\/monkevicius.lt\/#website"},"primaryImageOfPage":{"@id":"https:\/\/monkevicius.lt\/produktas\/asmeniniu-tikslu-kelimo-pratybos-pradinis-paketas\/#primaryimage"},"image":{"@id":"https:\/\/monkevicius.lt\/produktas\/asmeniniu-tikslu-kelimo-pratybos-pradinis-paketas\/#primaryimage"},"thumbnailUrl":"https:\/\/monkevicius.lt\/wp-content\/uploads\/2024\/11\/2-1-1.webp","datePublished":"2024-11-18T09:58:06+00:00","dateModified":"2026-01-12T13:22:22+00:00","breadcrumb":{"@id":"https:\/\/monkevicius.lt\/produktas\/asmeniniu-tikslu-kelimo-pratybos-pradinis-paketas\/#breadcrumb"},"inLanguage":"en-GB","potentialAction":[{"@type":"ReadAction","target":["https:\/\/monkevicius.lt\/produktas\/asmeniniu-tikslu-kelimo-pratybos-pradinis-paketas\/"]}]},{"@type":"ImageObject","inLanguage":"en-GB","@id":"https:\/\/monkevicius.lt\/produktas\/asmeniniu-tikslu-kelimo-pratybos-pradinis-paketas\/#primaryimage","url":"https:\/\/monkevicius.lt\/wp-content\/uploads\/2024\/11\/2-1-1.webp","contentUrl":"https:\/\/monkevicius.lt\/wp-content\/uploads\/2024\/11\/2-1-1.webp","width":1080,"height":1080},{"@type":"BreadcrumbList","@id":"https:\/\/monkevicius.lt\/produktas\/asmeniniu-tikslu-kelimo-pratybos-pradinis-paketas\/#breadcrumb","itemListElement":[{"@type":"ListItem","position":1,"name":"Home","item":"https:\/\/monkevicius.lt\/"},{"@type":"ListItem","position":2,"name":"Parduotuv\u0117","item":"https:\/\/monkevicius.lt\/parduotuve\/"},{"@type":"ListItem","position":3,"name":"Asmenini\u0173 tiksl\u0173 k\u0117limo kursas"}]},{"@type":"WebSite","@id":"https:\/\/monkevicius.lt\/#website","url":"https:\/\/monkevicius.lt\/","name":"Miroslavas Monkevi\u010dius","description":"Sertifikuotas kou\u010dingo specialistas","publisher":{"@id":"https:\/\/monkevicius.lt\/#organization"},"potentialAction":[{"@type":"SearchAction","target":{"@type":"EntryPoint","urlTemplate":"https:\/\/monkevicius.lt\/?s={search_term_string}"},"query-input":{"@type":"PropertyValueSpecification","valueRequired":true,"valueName":"search_term_string"}}],"inLanguage":"en-GB"},{"@type":"Organization","@id":"https:\/\/monkevicius.lt\/#organization","name":"Monkevi\u010dius","url":"https:\/\/monkevicius.lt\/","logo":{"@type":"ImageObject","inLanguage":"en-GB","@id":"https:\/\/monkevicius.lt\/#\/schema\/logo\/image\/","url":"https:\/\/monkevicius.lt\/wp-content\/uploads\/2021\/01\/x8-1.png","contentUrl":"https:\/\/monkevicius.lt\/wp-content\/uploads\/2021\/01\/x8-1.png","width":3015,"height":753,"caption":"Monkevi\u010dius"},"image":{"@id":"https:\/\/monkevicius.lt\/#\/schema\/logo\/image\/"},"sameAs":["https:\/\/www.facebook.com\/monkevicius.lt","https:\/\/www.linkedin.com\/in\/mmonkevicius\/","https:\/\/www.youtube.com\/@coachmiroslavas","https:\/\/www.instagram.com\/monkevicius","https:\/\/monkevicius.substack.com\/"]}]}},"_links":{"self":[{"href":"https:\/\/monkevicius.lt\/en\/wp-json\/wp\/v2\/product\/93209666","targetHints":{"allow":["GET"]}}],"collection":[{"href":"https:\/\/monkevicius.lt\/en\/wp-json\/wp\/v2\/product"}],"about":[{"href":"https:\/\/monkevicius.lt\/en\/wp-json\/wp\/v2\/types\/product"}],"version-history":[{"count":2,"href":"https:\/\/monkevicius.lt\/en\/wp-json\/wp\/v2\/product\/93209666\/revisions"}],"predecessor-version":[{"id":93212694,"href":"https:\/\/monkevicius.lt\/en\/wp-json\/wp\/v2\/product\/93209666\/revisions\/93212694"}],"wp:featuredmedia":[{"embeddable":true,"href":"https:\/\/monkevicius.lt\/en\/wp-json\/wp\/v2\/media\/93210248"}],"wp:attachment":[{"href":"https:\/\/monkevicius.lt\/en\/wp-json\/wp\/v2\/media?parent=93209666"}],"wp:term":[{"taxonomy":"product_brand","embeddable":true,"href":"https:\/\/monkevicius.lt\/en\/wp-json\/wp\/v2\/product_brand?post=93209666"},{"taxonomy":"product_cat","embeddable":true,"href":"https:\/\/monkevicius.lt\/en\/wp-json\/wp\/v2\/product_cat?post=93209666"},{"taxonomy":"product_tag","embeddable":true,"href":"https:\/\/monkevicius.lt\/en\/wp-json\/wp\/v2\/product_tag?post=93209666"}],"curies":[{"name":"wp","href":"https:\/\/api.w.org\/{rel}","templated":true}]}}