{"id":93211743,"date":"2025-01-21T00:47:57","date_gmt":"2025-01-20T21:47:57","guid":{"rendered":"http:\/\/monkevicius.lt\/?post_type=product&#038;p=93211743"},"modified":"2025-01-21T00:51:11","modified_gmt":"2025-01-20T21:51:11","slug":"individualiu-koucingo-sesiju-paketas-2","status":"publish","type":"product","link":"https:\/\/monkevicius.lt\/en\/product\/individualiu-koucingo-sesiju-paketas-2\/","title":{"rendered":"Individuali\u0173 kou\u010dingo sesij\u0173 paketas"},"content":{"rendered":"<p>\u201eIndividuali\u0173 kou\u010dingo sesij\u0173 paketas\u201c \u2013 tai asmeninio tobul\u0117jimo programa, skirta pad\u0117ti pasiekti j\u016bs\u0173 tikslus ir atskleisti potencial\u0105. \u0160is paketas apima:<\/p>\n<ul>\n<li><strong>10 kou\u010dingo sesij\u0173 per 6 m\u0117nesi\u0173 laikotarp\u012f<\/strong>: kiekviena sesija trunka apie 60\u201390 minu\u010di\u0173 ir gali vykti gyvai arba nuotoliniu b\u016bdu, atsi\u017evelgiant \u012f j\u016bs\u0173 pageidavimus.<\/li>\n<li><strong>Asmenini\u0173 tiksl\u0173 nustatymo pratyb\u0173 programa (pradinis paketas) dovan\u0173<\/strong>: \u0161i programa pad\u0117s ai\u0161kiai apibr\u0117\u017eti j\u016bs\u0173 asmeninius ir profesinius tikslus, sudarant tvirt\u0105 pagrind\u0105 tolimesniam kou\u010dingo procesui.<\/li>\n<li><strong>Galimyb\u0119 mok\u0117ti dalimis<\/strong>: lankstus mok\u0117jimo planas, leid\u017eiantis padengti programos kain\u0105 per kelis mok\u0117jimus, pritaikytus prie j\u016bs\u0173 finansini\u0173 galimybi\u0173 (<a href=\"mailto:miroslavas@monkevicius.lt\">susisiekite<\/a>)<\/li>\n<\/ul>\n<p>\u0160is kou\u010dingo sesij\u0173 paketas yra skirtas asmenims, siekiantiems asmeninio ir profesinio augimo, norintiems \u012fveikti i\u0161\u0161\u016bkius ir pasiekti u\u017esibr\u0117\u017etus tikslus per strukt\u016bruot\u0105 ir palaikom\u0105 proces\u0105.<\/p>","protected":false},"excerpt":{"rendered":"<p>\u201eIndividuali\u0173 kou\u010dingo sesij\u0173 paketas\u201c \u2013 tai asmeninio tobul\u0117jimo programa, skirta pad\u0117ti pasiekti j\u016bs\u0173 tikslus ir atskleisti potencial\u0105. \u0160is paketas apima:<\/p>\n<ul>\n<li><strong>10 kou\u010dingo sesij\u0173 per 6 m\u0117nesi\u0173 laikotarp\u012f<\/strong>: kiekviena sesija trunka apie 60\u201390 minu\u010di\u0173 ir gali vykti gyvai arba nuotoliniu b\u016bdu, atsi\u017evelgiant \u012f j\u016bs\u0173 pageidavimus.<\/li>\n<li><strong>Asmenini\u0173 tiksl\u0173 nustatymo pratyb\u0173 programa (pradinis paketas) dovan\u0173<\/strong>: \u0161i programa pad\u0117s ai\u0161kiai apibr\u0117\u017eti j\u016bs\u0173 asmeninius ir profesinius tikslus, sudarant tvirt\u0105 pagrind\u0105 tolimesniam kou\u010dingo procesui.<\/li>\n<li><strong>Galimyb\u0119 mok\u0117ti dalimis<\/strong>: lankstus mok\u0117jimo planas, leid\u017eiantis padengti programos kain\u0105 per kelis mok\u0117jimus, pritaikytus prie j\u016bs\u0173 finansini\u0173 galimybi\u0173. (<a href=\"mailto:miroslavas@monkevicius.lt\">susisiekite<\/a>)<\/li>\n<\/ul>\n<p>\u0160is kou\u010dingo sesij\u0173 paketas yra skirtas asmenims, siekiantiems asmeninio ir profesinio augimo, norintiems \u012fveikti i\u0161\u0161\u016bkius ir pasiekti u\u017esibr\u0117\u017etus tikslus per strukt\u016bruot\u0105 ir palaikom\u0105 proces\u0105.<\/p>","protected":false},"featured_media":93210873,"template":"","meta":[],"product_brand":[],"product_cat":[29],"product_tag":[],"class_list":{"0":"post-93211743","1":"product","2":"type-product","3":"status-publish","4":"has-post-thumbnail","6":"product_cat-individualios-koucingo-sesijos","8":"first","9":"instock","10":"virtual","11":"taxable","12":"purchasable","13":"product-type-simple"},"yoast_head":"<!-- This site is optimized with the Yoast SEO plugin v26.9 - https:\/\/yoast.com\/product\/yoast-seo-wordpress\/ -->\n<title>Individuali\u0173 kou\u010dingo sesij\u0173 paketas - Monkevi\u010dius<\/title>\n<meta name=\"description\" content=\"\u201eIndividuali\u0173 kou\u010dingo sesij\u0173 paketas\u201c \u2013 tai asmeninio tobul\u0117jimo programa, skirta pad\u0117ti pasiekti j\u016bs\u0173 tikslus ir atskleisti potencial\u0105. \u0160is paketas apima:10 kou\u010dingo sesij\u0173 per 6 m\u0117nesi\u0173 laikotarp\u012f: kiekviena sesija trunka apie 60\u201390 minu\u010di\u0173 ir gali vykti gyvai arba nuotoliniu b\u016bdu, atsi\u017evelgiant \u012f j\u016bs\u0173 pageidavimus.Asmenini\u0173 tiksl\u0173 nustatymo pratyb\u0173 programa (pradinis paketas) dovan\u0173: \u0161i programa pad\u0117s ai\u0161kiai apibr\u0117\u017eti j\u016bs\u0173 asmeninius ir profesinius tikslus, sudarant tvirt\u0105 pagrind\u0105 tolimesniam kou\u010dingo procesui.Galimyb\u0119 mok\u0117ti dalimis: lankstus mok\u0117jimo planas, leid\u017eiantis padengti programos kain\u0105 per kelis mok\u0117jimus, pritaikytus prie j\u016bs\u0173 finansini\u0173 galimybi\u0173.\u0160is kou\u010dingo sesij\u0173 paketas yra skirtas asmenims, siekiantiems asmeninio ir profesinio augimo, norintiems \u012fveikti i\u0161\u0161\u016bkius ir pasiekti u\u017esibr\u0117\u017etus tikslus per strukt\u016bruot\u0105 ir palaikom\u0105 proces\u0105.\" \/>\n<meta name=\"robots\" content=\"index, follow, max-snippet:-1, max-image-preview:large, max-video-preview:-1\" \/>\n<link rel=\"canonical\" href=\"https:\/\/monkevicius.lt\/en\/product\/individualiu-koucingo-sesiju-paketas-2\/\" \/>\n<meta property=\"og:locale\" content=\"en_GB\" \/>\n<meta property=\"og:type\" content=\"article\" \/>\n<meta property=\"og:title\" content=\"Individuali\u0173 kou\u010dingo sesij\u0173 paketas - Monkevi\u010dius\" \/>\n<meta property=\"og:description\" content=\"\u201eIndividuali\u0173 kou\u010dingo sesij\u0173 paketas\u201c \u2013 tai asmeninio tobul\u0117jimo programa, skirta pad\u0117ti pasiekti j\u016bs\u0173 tikslus ir atskleisti potencial\u0105. \u0160is paketas apima:10 kou\u010dingo sesij\u0173 per 6 m\u0117nesi\u0173 laikotarp\u012f: kiekviena sesija trunka apie 60\u201390 minu\u010di\u0173 ir gali vykti gyvai arba nuotoliniu b\u016bdu, atsi\u017evelgiant \u012f j\u016bs\u0173 pageidavimus.Asmenini\u0173 tiksl\u0173 nustatymo pratyb\u0173 programa (pradinis paketas) dovan\u0173: \u0161i programa pad\u0117s ai\u0161kiai apibr\u0117\u017eti j\u016bs\u0173 asmeninius ir profesinius tikslus, sudarant tvirt\u0105 pagrind\u0105 tolimesniam kou\u010dingo procesui.Galimyb\u0119 mok\u0117ti dalimis: lankstus mok\u0117jimo planas, leid\u017eiantis padengti programos kain\u0105 per kelis mok\u0117jimus, pritaikytus prie j\u016bs\u0173 finansini\u0173 galimybi\u0173.\u0160is kou\u010dingo sesij\u0173 paketas yra skirtas asmenims, siekiantiems asmeninio ir profesinio augimo, norintiems \u012fveikti i\u0161\u0161\u016bkius ir pasiekti u\u017esibr\u0117\u017etus tikslus per strukt\u016bruot\u0105 ir palaikom\u0105 proces\u0105.\" \/>\n<meta property=\"og:url\" content=\"https:\/\/monkevicius.lt\/en\/product\/individualiu-koucingo-sesiju-paketas-2\/\" \/>\n<meta property=\"og:site_name\" content=\"Monkevi\u010dius\" \/>\n<meta property=\"article:publisher\" content=\"https:\/\/www.facebook.com\/monkevicius.lt\" \/>\n<meta property=\"article:modified_time\" content=\"2025-01-20T21:51:11+00:00\" \/>\n<meta property=\"og:image\" content=\"https:\/\/monkevicius.lt\/wp-content\/uploads\/2024\/12\/MM-Vienas-klausimas-Instagram-Post-4.webp\" \/>\n\t<meta property=\"og:image:width\" content=\"1080\" \/>\n\t<meta property=\"og:image:height\" content=\"1080\" \/>\n\t<meta property=\"og:image:type\" content=\"image\/webp\" \/>\n<meta name=\"twitter:card\" content=\"summary_large_image\" \/>\n<meta name=\"twitter:label1\" content=\"Estimated reading time\" \/>\n\t<meta name=\"twitter:data1\" content=\"1 minute\" \/>\n<script type=\"application\/ld+json\" class=\"yoast-schema-graph\">{\"@context\":\"https:\/\/schema.org\",\"@graph\":[{\"@type\":\"WebPage\",\"@id\":\"https:\/\/monkevicius.lt\/produktas\/individualiu-koucingo-sesiju-paketas-2\/\",\"url\":\"https:\/\/monkevicius.lt\/produktas\/individualiu-koucingo-sesiju-paketas-2\/\",\"name\":\"Individuali\u0173 kou\u010dingo sesij\u0173 paketas - Monkevi\u010dius\",\"isPartOf\":{\"@id\":\"https:\/\/monkevicius.lt\/#website\"},\"primaryImageOfPage\":{\"@id\":\"https:\/\/monkevicius.lt\/produktas\/individualiu-koucingo-sesiju-paketas-2\/#primaryimage\"},\"image\":{\"@id\":\"https:\/\/monkevicius.lt\/produktas\/individualiu-koucingo-sesiju-paketas-2\/#primaryimage\"},\"thumbnailUrl\":\"https:\/\/monkevicius.lt\/wp-content\/uploads\/2024\/12\/MM-Vienas-klausimas-Instagram-Post-4.webp\",\"datePublished\":\"2025-01-20T21:47:57+00:00\",\"dateModified\":\"2025-01-20T21:51:11+00:00\",\"description\":\"\u201eIndividuali\u0173 kou\u010dingo sesij\u0173 paketas\u201c \u2013 tai asmeninio tobul\u0117jimo programa, skirta pad\u0117ti pasiekti j\u016bs\u0173 tikslus ir atskleisti potencial\u0105. \u0160is paketas apima:10 kou\u010dingo sesij\u0173 per 6 m\u0117nesi\u0173 laikotarp\u012f: kiekviena sesija trunka apie 60\u201390 minu\u010di\u0173 ir gali vykti gyvai arba nuotoliniu b\u016bdu, atsi\u017evelgiant \u012f j\u016bs\u0173 pageidavimus.Asmenini\u0173 tiksl\u0173 nustatymo pratyb\u0173 programa (pradinis paketas) dovan\u0173: \u0161i programa pad\u0117s ai\u0161kiai apibr\u0117\u017eti j\u016bs\u0173 asmeninius ir profesinius tikslus, sudarant tvirt\u0105 pagrind\u0105 tolimesniam kou\u010dingo procesui.Galimyb\u0119 mok\u0117ti dalimis: lankstus mok\u0117jimo planas, leid\u017eiantis padengti programos kain\u0105 per kelis mok\u0117jimus, pritaikytus prie j\u016bs\u0173 finansini\u0173 galimybi\u0173.\u0160is kou\u010dingo sesij\u0173 paketas yra skirtas asmenims, siekiantiems asmeninio ir profesinio augimo, norintiems \u012fveikti i\u0161\u0161\u016bkius ir pasiekti u\u017esibr\u0117\u017etus tikslus per strukt\u016bruot\u0105 ir palaikom\u0105 proces\u0105.\",\"breadcrumb\":{\"@id\":\"https:\/\/monkevicius.lt\/produktas\/individualiu-koucingo-sesiju-paketas-2\/#breadcrumb\"},\"inLanguage\":\"en-GB\",\"potentialAction\":[{\"@type\":\"ReadAction\",\"target\":[\"https:\/\/monkevicius.lt\/produktas\/individualiu-koucingo-sesiju-paketas-2\/\"]}]},{\"@type\":\"ImageObject\",\"inLanguage\":\"en-GB\",\"@id\":\"https:\/\/monkevicius.lt\/produktas\/individualiu-koucingo-sesiju-paketas-2\/#primaryimage\",\"url\":\"https:\/\/monkevicius.lt\/wp-content\/uploads\/2024\/12\/MM-Vienas-klausimas-Instagram-Post-4.webp\",\"contentUrl\":\"https:\/\/monkevicius.lt\/wp-content\/uploads\/2024\/12\/MM-Vienas-klausimas-Instagram-Post-4.webp\",\"width\":1080,\"height\":1080},{\"@type\":\"BreadcrumbList\",\"@id\":\"https:\/\/monkevicius.lt\/produktas\/individualiu-koucingo-sesiju-paketas-2\/#breadcrumb\",\"itemListElement\":[{\"@type\":\"ListItem\",\"position\":1,\"name\":\"Home\",\"item\":\"https:\/\/monkevicius.lt\/\"},{\"@type\":\"ListItem\",\"position\":2,\"name\":\"Parduotuv\u0117\",\"item\":\"https:\/\/monkevicius.lt\/parduotuve\/\"},{\"@type\":\"ListItem\",\"position\":3,\"name\":\"Individuali\u0173 kou\u010dingo sesij\u0173 paketas\"}]},{\"@type\":\"WebSite\",\"@id\":\"https:\/\/monkevicius.lt\/#website\",\"url\":\"https:\/\/monkevicius.lt\/\",\"name\":\"Miroslavas Monkevi\u010dius\",\"description\":\"Sertifikuotas kou\u010dingo specialistas\",\"publisher\":{\"@id\":\"https:\/\/monkevicius.lt\/#organization\"},\"potentialAction\":[{\"@type\":\"SearchAction\",\"target\":{\"@type\":\"EntryPoint\",\"urlTemplate\":\"https:\/\/monkevicius.lt\/?s={search_term_string}\"},\"query-input\":{\"@type\":\"PropertyValueSpecification\",\"valueRequired\":true,\"valueName\":\"search_term_string\"}}],\"inLanguage\":\"en-GB\"},{\"@type\":\"Organization\",\"@id\":\"https:\/\/monkevicius.lt\/#organization\",\"name\":\"Monkevi\u010dius\",\"url\":\"https:\/\/monkevicius.lt\/\",\"logo\":{\"@type\":\"ImageObject\",\"inLanguage\":\"en-GB\",\"@id\":\"https:\/\/monkevicius.lt\/#\/schema\/logo\/image\/\",\"url\":\"https:\/\/monkevicius.lt\/wp-content\/uploads\/2021\/01\/x8-1.png\",\"contentUrl\":\"https:\/\/monkevicius.lt\/wp-content\/uploads\/2021\/01\/x8-1.png\",\"width\":3015,\"height\":753,\"caption\":\"Monkevi\u010dius\"},\"image\":{\"@id\":\"https:\/\/monkevicius.lt\/#\/schema\/logo\/image\/\"},\"sameAs\":[\"https:\/\/www.facebook.com\/monkevicius.lt\",\"https:\/\/www.linkedin.com\/in\/mmonkevicius\/\",\"https:\/\/www.youtube.com\/@coachmiroslavas\",\"https:\/\/www.instagram.com\/monkevicius\",\"https:\/\/monkevicius.substack.com\/\"]}]}<\/script>\n<!-- \/ Yoast SEO plugin. -->","yoast_head_json":{"title":"Individuali\u0173 kou\u010dingo sesij\u0173 paketas - Monkevi\u010dius","description":"\u201eIndividuali\u0173 kou\u010dingo sesij\u0173 paketas\u201c \u2013 tai asmeninio tobul\u0117jimo programa, skirta pad\u0117ti pasiekti j\u016bs\u0173 tikslus ir atskleisti potencial\u0105. \u0160is paketas apima:10 kou\u010dingo sesij\u0173 per 6 m\u0117nesi\u0173 laikotarp\u012f: kiekviena sesija trunka apie 60\u201390 minu\u010di\u0173 ir gali vykti gyvai arba nuotoliniu b\u016bdu, atsi\u017evelgiant \u012f j\u016bs\u0173 pageidavimus.Asmenini\u0173 tiksl\u0173 nustatymo pratyb\u0173 programa (pradinis paketas) dovan\u0173: \u0161i programa pad\u0117s ai\u0161kiai apibr\u0117\u017eti j\u016bs\u0173 asmeninius ir profesinius tikslus, sudarant tvirt\u0105 pagrind\u0105 tolimesniam kou\u010dingo procesui.Galimyb\u0119 mok\u0117ti dalimis: lankstus mok\u0117jimo planas, leid\u017eiantis padengti programos kain\u0105 per kelis mok\u0117jimus, pritaikytus prie j\u016bs\u0173 finansini\u0173 galimybi\u0173.\u0160is kou\u010dingo sesij\u0173 paketas yra skirtas asmenims, siekiantiems asmeninio ir profesinio augimo, norintiems \u012fveikti i\u0161\u0161\u016bkius ir pasiekti u\u017esibr\u0117\u017etus tikslus per strukt\u016bruot\u0105 ir palaikom\u0105 proces\u0105.","robots":{"index":"index","follow":"follow","max-snippet":"max-snippet:-1","max-image-preview":"max-image-preview:large","max-video-preview":"max-video-preview:-1"},"canonical":"https:\/\/monkevicius.lt\/en\/product\/individualiu-koucingo-sesiju-paketas-2\/","og_locale":"en_GB","og_type":"article","og_title":"Individuali\u0173 kou\u010dingo sesij\u0173 paketas - Monkevi\u010dius","og_description":"\u201eIndividuali\u0173 kou\u010dingo sesij\u0173 paketas\u201c \u2013 tai asmeninio tobul\u0117jimo programa, skirta pad\u0117ti pasiekti j\u016bs\u0173 tikslus ir atskleisti potencial\u0105. \u0160is paketas apima:10 kou\u010dingo sesij\u0173 per 6 m\u0117nesi\u0173 laikotarp\u012f: kiekviena sesija trunka apie 60\u201390 minu\u010di\u0173 ir gali vykti gyvai arba nuotoliniu b\u016bdu, atsi\u017evelgiant \u012f j\u016bs\u0173 pageidavimus.Asmenini\u0173 tiksl\u0173 nustatymo pratyb\u0173 programa (pradinis paketas) dovan\u0173: \u0161i programa pad\u0117s ai\u0161kiai apibr\u0117\u017eti j\u016bs\u0173 asmeninius ir profesinius tikslus, sudarant tvirt\u0105 pagrind\u0105 tolimesniam kou\u010dingo procesui.Galimyb\u0119 mok\u0117ti dalimis: lankstus mok\u0117jimo planas, leid\u017eiantis padengti programos kain\u0105 per kelis mok\u0117jimus, pritaikytus prie j\u016bs\u0173 finansini\u0173 galimybi\u0173.\u0160is kou\u010dingo sesij\u0173 paketas yra skirtas asmenims, siekiantiems asmeninio ir profesinio augimo, norintiems \u012fveikti i\u0161\u0161\u016bkius ir pasiekti u\u017esibr\u0117\u017etus tikslus per strukt\u016bruot\u0105 ir palaikom\u0105 proces\u0105.","og_url":"https:\/\/monkevicius.lt\/en\/product\/individualiu-koucingo-sesiju-paketas-2\/","og_site_name":"Monkevi\u010dius","article_publisher":"https:\/\/www.facebook.com\/monkevicius.lt","article_modified_time":"2025-01-20T21:51:11+00:00","og_image":[{"width":1080,"height":1080,"url":"https:\/\/monkevicius.lt\/wp-content\/uploads\/2024\/12\/MM-Vienas-klausimas-Instagram-Post-4.webp","type":"image\/webp"}],"twitter_card":"summary_large_image","twitter_misc":{"Estimated reading time":"1 minute"},"schema":{"@context":"https:\/\/schema.org","@graph":[{"@type":"WebPage","@id":"https:\/\/monkevicius.lt\/produktas\/individualiu-koucingo-sesiju-paketas-2\/","url":"https:\/\/monkevicius.lt\/produktas\/individualiu-koucingo-sesiju-paketas-2\/","name":"Individuali\u0173 kou\u010dingo sesij\u0173 paketas - Monkevi\u010dius","isPartOf":{"@id":"https:\/\/monkevicius.lt\/#website"},"primaryImageOfPage":{"@id":"https:\/\/monkevicius.lt\/produktas\/individualiu-koucingo-sesiju-paketas-2\/#primaryimage"},"image":{"@id":"https:\/\/monkevicius.lt\/produktas\/individualiu-koucingo-sesiju-paketas-2\/#primaryimage"},"thumbnailUrl":"https:\/\/monkevicius.lt\/wp-content\/uploads\/2024\/12\/MM-Vienas-klausimas-Instagram-Post-4.webp","datePublished":"2025-01-20T21:47:57+00:00","dateModified":"2025-01-20T21:51:11+00:00","description":"\u201eIndividuali\u0173 kou\u010dingo sesij\u0173 paketas\u201c \u2013 tai asmeninio tobul\u0117jimo programa, skirta pad\u0117ti pasiekti j\u016bs\u0173 tikslus ir atskleisti potencial\u0105. \u0160is paketas apima:10 kou\u010dingo sesij\u0173 per 6 m\u0117nesi\u0173 laikotarp\u012f: kiekviena sesija trunka apie 60\u201390 minu\u010di\u0173 ir gali vykti gyvai arba nuotoliniu b\u016bdu, atsi\u017evelgiant \u012f j\u016bs\u0173 pageidavimus.Asmenini\u0173 tiksl\u0173 nustatymo pratyb\u0173 programa (pradinis paketas) dovan\u0173: \u0161i programa pad\u0117s ai\u0161kiai apibr\u0117\u017eti j\u016bs\u0173 asmeninius ir profesinius tikslus, sudarant tvirt\u0105 pagrind\u0105 tolimesniam kou\u010dingo procesui.Galimyb\u0119 mok\u0117ti dalimis: lankstus mok\u0117jimo planas, leid\u017eiantis padengti programos kain\u0105 per kelis mok\u0117jimus, pritaikytus prie j\u016bs\u0173 finansini\u0173 galimybi\u0173.\u0160is kou\u010dingo sesij\u0173 paketas yra skirtas asmenims, siekiantiems asmeninio ir profesinio augimo, norintiems \u012fveikti i\u0161\u0161\u016bkius ir pasiekti u\u017esibr\u0117\u017etus tikslus per strukt\u016bruot\u0105 ir palaikom\u0105 proces\u0105.","breadcrumb":{"@id":"https:\/\/monkevicius.lt\/produktas\/individualiu-koucingo-sesiju-paketas-2\/#breadcrumb"},"inLanguage":"en-GB","potentialAction":[{"@type":"ReadAction","target":["https:\/\/monkevicius.lt\/produktas\/individualiu-koucingo-sesiju-paketas-2\/"]}]},{"@type":"ImageObject","inLanguage":"en-GB","@id":"https:\/\/monkevicius.lt\/produktas\/individualiu-koucingo-sesiju-paketas-2\/#primaryimage","url":"https:\/\/monkevicius.lt\/wp-content\/uploads\/2024\/12\/MM-Vienas-klausimas-Instagram-Post-4.webp","contentUrl":"https:\/\/monkevicius.lt\/wp-content\/uploads\/2024\/12\/MM-Vienas-klausimas-Instagram-Post-4.webp","width":1080,"height":1080},{"@type":"BreadcrumbList","@id":"https:\/\/monkevicius.lt\/produktas\/individualiu-koucingo-sesiju-paketas-2\/#breadcrumb","itemListElement":[{"@type":"ListItem","position":1,"name":"Home","item":"https:\/\/monkevicius.lt\/"},{"@type":"ListItem","position":2,"name":"Parduotuv\u0117","item":"https:\/\/monkevicius.lt\/parduotuve\/"},{"@type":"ListItem","position":3,"name":"Individuali\u0173 kou\u010dingo sesij\u0173 paketas"}]},{"@type":"WebSite","@id":"https:\/\/monkevicius.lt\/#website","url":"https:\/\/monkevicius.lt\/","name":"Miroslavas Monkevi\u010dius","description":"Sertifikuotas kou\u010dingo specialistas","publisher":{"@id":"https:\/\/monkevicius.lt\/#organization"},"potentialAction":[{"@type":"SearchAction","target":{"@type":"EntryPoint","urlTemplate":"https:\/\/monkevicius.lt\/?s={search_term_string}"},"query-input":{"@type":"PropertyValueSpecification","valueRequired":true,"valueName":"search_term_string"}}],"inLanguage":"en-GB"},{"@type":"Organization","@id":"https:\/\/monkevicius.lt\/#organization","name":"Monkevi\u010dius","url":"https:\/\/monkevicius.lt\/","logo":{"@type":"ImageObject","inLanguage":"en-GB","@id":"https:\/\/monkevicius.lt\/#\/schema\/logo\/image\/","url":"https:\/\/monkevicius.lt\/wp-content\/uploads\/2021\/01\/x8-1.png","contentUrl":"https:\/\/monkevicius.lt\/wp-content\/uploads\/2021\/01\/x8-1.png","width":3015,"height":753,"caption":"Monkevi\u010dius"},"image":{"@id":"https:\/\/monkevicius.lt\/#\/schema\/logo\/image\/"},"sameAs":["https:\/\/www.facebook.com\/monkevicius.lt","https:\/\/www.linkedin.com\/in\/mmonkevicius\/","https:\/\/www.youtube.com\/@coachmiroslavas","https:\/\/www.instagram.com\/monkevicius","https:\/\/monkevicius.substack.com\/"]}]}},"_links":{"self":[{"href":"https:\/\/monkevicius.lt\/en\/wp-json\/wp\/v2\/product\/93211743","targetHints":{"allow":["GET"]}}],"collection":[{"href":"https:\/\/monkevicius.lt\/en\/wp-json\/wp\/v2\/product"}],"about":[{"href":"https:\/\/monkevicius.lt\/en\/wp-json\/wp\/v2\/types\/product"}],"version-history":[{"count":0,"href":"https:\/\/monkevicius.lt\/en\/wp-json\/wp\/v2\/product\/93211743\/revisions"}],"wp:featuredmedia":[{"embeddable":true,"href":"https:\/\/monkevicius.lt\/en\/wp-json\/wp\/v2\/media\/93210873"}],"wp:attachment":[{"href":"https:\/\/monkevicius.lt\/en\/wp-json\/wp\/v2\/media?parent=93211743"}],"wp:term":[{"taxonomy":"product_brand","embeddable":true,"href":"https:\/\/monkevicius.lt\/en\/wp-json\/wp\/v2\/product_brand?post=93211743"},{"taxonomy":"product_cat","embeddable":true,"href":"https:\/\/monkevicius.lt\/en\/wp-json\/wp\/v2\/product_cat?post=93211743"},{"taxonomy":"product_tag","embeddable":true,"href":"https:\/\/monkevicius.lt\/en\/wp-json\/wp\/v2\/product_tag?post=93211743"}],"curies":[{"name":"wp","href":"https:\/\/api.w.org\/{rel}","templated":true}]}}